{"id":152926,"date":"2025-11-14T19:06:59","date_gmt":"2025-11-14T19:06:59","guid":{"rendered":"https:\/\/africanew.ifpri.info\/evenements\/"},"modified":"2025-11-14T19:06:59","modified_gmt":"2025-11-14T19:06:59","slug":"evenements","status":"publish","type":"page","link":"https:\/\/africa.ifpri.info\/fr\/evenements\/","title":{"rendered":"Ev\u00e9nements"},"content":{"rendered":"<\/p>\n<div class=\"wp-block-query is-layout-flow wp-block-query-is-layout-flow\">\n<style>.wp-block-query-pagination br {\n  display: none;\n}<\/style>\n<ul class=\"columns-1 wp-block-post-template is-layout-grid wp-container-core-post-template-is-layout-fbb84cb7 wp-block-post-template-is-layout-grid\">\n<li class=\"wp-block-post post-153255 post type-post status-publish format-standard has-post-thumbnail hentry category-evenements category-event tag-burkina-faso tag-health tag-mali tag-nutrition tag-poverty tag-topics\">\n<div class=\"wp-block-columns is-layout-flex wp-container-core-columns-is-layout-28f84493 wp-block-columns-is-layout-flex\">\n<div class=\"wp-block-column is-layout-flow wp-block-column-is-layout-flow\" style=\"flex-basis:33.33%\">\n<figure style=\"height:200px;\" class=\"wp-block-post-featured-image\"><a href=\"https:\/\/africa.ifpri.info\/fr\/2026\/03\/25\/au-dela-du-traitement-strategies-integrees-pour-prevenir-lemaciation-infantile-et-la-rechute-post-traitement\/\" target=\"_self\"  style=\"height:200px\"><img loading=\"lazy\" decoding=\"async\" width=\"1920\" height=\"1080\" src=\"https:\/\/africa.ifpri.info\/files\/2026\/03\/EventGraphic_BeyondTreatment_4.1.26-16x9-1.png\" class=\"attachment-post-thumbnail size-post-thumbnail wp-post-image\" alt=\"WEBINAIRE: Au-del\u00e0 du traitement : strat\u00e9gies int\u00e9gr\u00e9es pour pr\u00e9venir l\u2019\u00e9maciation infantile et la rechute post-traitement\" style=\"height:200px;object-fit:cover;\" srcset=\"https:\/\/africa.ifpri.info\/files\/2026\/03\/EventGraphic_BeyondTreatment_4.1.26-16x9-1.png 1920w, https:\/\/africa.ifpri.info\/files\/2026\/03\/EventGraphic_BeyondTreatment_4.1.26-16x9-1-300x169.png 300w, https:\/\/africa.ifpri.info\/files\/2026\/03\/EventGraphic_BeyondTreatment_4.1.26-16x9-1-1024x576.png 1024w, https:\/\/africa.ifpri.info\/files\/2026\/03\/EventGraphic_BeyondTreatment_4.1.26-16x9-1-768x432.png 768w, https:\/\/africa.ifpri.info\/files\/2026\/03\/EventGraphic_BeyondTreatment_4.1.26-16x9-1-1536x864.png 1536w, https:\/\/africa.ifpri.info\/files\/2026\/03\/EventGraphic_BeyondTreatment_4.1.26-16x9-1-60x34.png 60w\" sizes=\"auto, (max-width: 1920px) 100vw, 1920px\" \/><\/a><\/figure>\n<\/div>\n<div class=\"wp-block-column is-layout-flow wp-block-column-is-layout-flow\" style=\"padding-top:0;padding-right:var(--wp--preset--spacing--x-large);padding-bottom:0;padding-left:var(--wp--preset--spacing--x-large);flex-basis:66.66%\">\n<div class=\"wp-block-group has-global-padding is-layout-constrained wp-block-group-is-layout-constrained\">\n<div class=\"wp-block-group is-nowrap is-layout-flex wp-container-core-group-is-layout-75a7a635 wp-block-group-is-layout-flex\" style=\"margin-top:var(--wp--preset--spacing--large);margin-bottom:var(--wp--preset--spacing--large)\">\n<div class=\"taxonomy-category wp-block-post-terms\"><a href=\"https:\/\/africa.ifpri.info\/category\/1_post_type\/event\/\" rel=\"tag\">Events<\/a><\/div>\n<div style=\"margin-left:0.25em;\" class=\"wp-block-post-date\"><time datetime=\"2026-03-25T14:03:50+00:00\">25 March 2026<\/time><\/div>\n<\/div>\n<h2 class=\"wp-block-post-title has-label-4-size-font-size\"><a href=\"https:\/\/africa.ifpri.info\/fr\/2026\/03\/25\/au-dela-du-traitement-strategies-integrees-pour-prevenir-lemaciation-infantile-et-la-rechute-post-traitement\/\" target=\"_self\" >WEBINAIRE: Au-del\u00e0 du traitement : strat\u00e9gies int\u00e9gr\u00e9es pour pr\u00e9venir l\u2019\u00e9maciation infantile et la rechute post-traitement<\/a><\/h2>\n<div class=\"4csp-excerpt wp-block-post-excerpt has-body-3-size-font-size\">\n<p class=\"wp-block-post-excerpt__excerpt\">Child wasting affects an estimated 42 million children at any given time, but over a year, between 240 and 295 million episodes of wasting occur. Wasting, including severe wasting, is associated with approximately 850,000 child deaths annually and have livelong consequences for child health and development. <\/p>\n<\/div>\n<\/div>\n<\/div>\n<\/div>\n<\/li>\n<li class=\"wp-block-post post-153108 post type-post status-publish format-standard has-post-thumbnail hentry category-evenements tag-catastrophes-naturelles tag-chocs-climatiques\">\n<div class=\"wp-block-columns is-layout-flex wp-container-core-columns-is-layout-28f84493 wp-block-columns-is-layout-flex\">\n<div class=\"wp-block-column is-layout-flow wp-block-column-is-layout-flow\" style=\"flex-basis:33.33%\">\n<figure style=\"height:200px;\" class=\"wp-block-post-featured-image\"><a href=\"https:\/\/africa.ifpri.info\/fr\/2026\/02\/18\/atelier-de-recherche-sur-les-preferences-du-senegal-en-matiere-de-financement-des-risques-de-catastrophe-frc\/\" target=\"_self\"  style=\"height:200px\"><img loading=\"lazy\" decoding=\"async\" width=\"1707\" height=\"837\" src=\"https:\/\/africa.ifpri.info\/files\/2026\/02\/banner-workshop-.png\" class=\"attachment-post-thumbnail size-post-thumbnail wp-post-image\" alt=\"Atelier de recherche sur les pr\u00e9f\u00e9rences du S\u00e9n\u00e9gal en mati\u00e8re de Financement des Risques de Catastrophe (FRC)\" style=\"height:200px;object-fit:cover;\" srcset=\"https:\/\/africa.ifpri.info\/files\/2026\/02\/banner-workshop-.png 1707w, https:\/\/africa.ifpri.info\/files\/2026\/02\/banner-workshop--300x147.png 300w, https:\/\/africa.ifpri.info\/files\/2026\/02\/banner-workshop--1024x502.png 1024w, https:\/\/africa.ifpri.info\/files\/2026\/02\/banner-workshop--768x377.png 768w, https:\/\/africa.ifpri.info\/files\/2026\/02\/banner-workshop--1536x753.png 1536w, https:\/\/africa.ifpri.info\/files\/2026\/02\/banner-workshop--60x29.png 60w\" sizes=\"auto, (max-width: 1707px) 100vw, 1707px\" \/><\/a><\/figure>\n<\/div>\n<div class=\"wp-block-column is-layout-flow wp-block-column-is-layout-flow\" style=\"padding-top:0;padding-right:var(--wp--preset--spacing--x-large);padding-bottom:0;padding-left:var(--wp--preset--spacing--x-large);flex-basis:66.66%\">\n<div class=\"wp-block-group has-global-padding is-layout-constrained wp-block-group-is-layout-constrained\">\n<div class=\"wp-block-group is-nowrap is-layout-flex wp-container-core-group-is-layout-75a7a635 wp-block-group-is-layout-flex\" style=\"margin-top:var(--wp--preset--spacing--large);margin-bottom:var(--wp--preset--spacing--large)\">\n<div style=\"margin-left:0.25em;\" class=\"wp-block-post-date\"><time datetime=\"2026-02-18T13:23:49+00:00\">18 February 2026<\/time><\/div>\n<\/div>\n<h2 class=\"wp-block-post-title has-label-4-size-font-size\"><a href=\"https:\/\/africa.ifpri.info\/fr\/2026\/02\/18\/atelier-de-recherche-sur-les-preferences-du-senegal-en-matiere-de-financement-des-risques-de-catastrophe-frc\/\" target=\"_self\" >Atelier de recherche sur les pr\u00e9f\u00e9rences du S\u00e9n\u00e9gal en mati\u00e8re de Financement des Risques de Catastrophe (FRC)<\/a><\/h2>\n<div class=\"4csp-excerpt wp-block-post-excerpt has-body-3-size-font-size\">\n<p class=\"wp-block-post-excerpt__excerpt\">Date : Jeudi 19 f\u00e9vrier 2026 Lieu : H\u00f4tel Le Gondolier Virage, Ngor \u2013 Virage, Dakar Heure : 09h00 \u2013 14h00 Contexte Face \u00e0 l\u2019augmentation de la fr\u00e9quence et de l\u2019intensit\u00e9 des chocs climatiques et des catastrophes naturelles, le S\u00e9n\u00e9gal a d\u00e9fini une strat\u00e9gie nationale de financement des risques climatiques et de catastrophes. Le financement&hellip; <\/p>\n<\/div>\n<\/div>\n<\/div>\n<\/div>\n<\/li>\n<li class=\"wp-block-post post-20849 post type-post status-publish format-standard has-post-thumbnail hentry category-evenements\">\n<div class=\"wp-block-columns is-layout-flex wp-container-core-columns-is-layout-28f84493 wp-block-columns-is-layout-flex\">\n<div class=\"wp-block-column is-layout-flow wp-block-column-is-layout-flow\" style=\"flex-basis:33.33%\">\n<figure style=\"height:200px;\" class=\"wp-block-post-featured-image\"><a href=\"https:\/\/africa.ifpri.info\/fr\/2025\/05\/22\/seminaire-la-credibilite-gouvernementale-et-le-financement-de-lagriculture-dans-le-cadre-du-pddaa\/\" target=\"_self\"  style=\"height:200px\"><img loading=\"lazy\" decoding=\"async\" width=\"1280\" height=\"720\" src=\"https:\/\/africa.ifpri.info\/files\/2025\/04\/333.png\" class=\"attachment-post-thumbnail size-post-thumbnail wp-post-image\" alt=\"S\u00e9minaire: La cr\u00e9dibilit\u00e9 gouvernementale et le financement de l\u2019agriculture dans le cadre du PDDAA\u00a0\" style=\"height:200px;object-fit:cover;\" srcset=\"https:\/\/africa.ifpri.info\/files\/2025\/04\/333.png 1280w, https:\/\/africa.ifpri.info\/files\/2025\/04\/333-300x169.png 300w, https:\/\/africa.ifpri.info\/files\/2025\/04\/333-1024x576.png 1024w, https:\/\/africa.ifpri.info\/files\/2025\/04\/333-768x432.png 768w\" sizes=\"auto, (max-width: 1280px) 100vw, 1280px\" \/><\/a><\/figure>\n<\/div>\n<div class=\"wp-block-column is-layout-flow wp-block-column-is-layout-flow\" style=\"padding-top:0;padding-right:var(--wp--preset--spacing--x-large);padding-bottom:0;padding-left:var(--wp--preset--spacing--x-large);flex-basis:66.66%\">\n<div class=\"wp-block-group has-global-padding is-layout-constrained wp-block-group-is-layout-constrained\">\n<div class=\"wp-block-group is-nowrap is-layout-flex wp-container-core-group-is-layout-75a7a635 wp-block-group-is-layout-flex\" style=\"margin-top:var(--wp--preset--spacing--large);margin-bottom:var(--wp--preset--spacing--large)\">\n<div style=\"margin-left:0.25em;\" class=\"wp-block-post-date\"><time datetime=\"2025-05-22T14:26:46+00:00\">22 May 2025<\/time><\/div>\n<\/div>\n<h2 class=\"wp-block-post-title has-label-4-size-font-size\"><a href=\"https:\/\/africa.ifpri.info\/fr\/2025\/05\/22\/seminaire-la-credibilite-gouvernementale-et-le-financement-de-lagriculture-dans-le-cadre-du-pddaa\/\" target=\"_self\" >S\u00e9minaire: La cr\u00e9dibilit\u00e9 gouvernementale et le financement de l\u2019agriculture dans le cadre du PDDAA\u00a0<\/a><\/h2>\n<div class=\"4csp-excerpt wp-block-post-excerpt has-body-3-size-font-size\">\n<p class=\"wp-block-post-excerpt__excerpt\">IFPRI Afrique vous convie \u00e0 un s\u00e9minaire informel sur\u00a0: \u00ab\u2009La cr\u00e9dibilit\u00e9 gouvernementale et le financement de l\u2019agriculture dans le cadre du PDDAA\u00a0: Un mod\u00e8le int\u00e9grant la d\u00e9gradation endog\u00e8ne de la cr\u00e9dibilit\u00e9 et les sanctions pour non-conformit\u00e9\u2009\u00bb Mercredi le 30 avril 2025 8\u00a0h \u2013 9\u00a0h (EST) | 12\u00a0h \u2013 13\u00a0h (GMT) | 15\u00a0h \u2013 16 h&hellip; <\/p>\n<\/div>\n<\/div>\n<\/div>\n<\/div>\n<\/li>\n<li class=\"wp-block-post post-20567 post type-post status-publish format-standard has-post-thumbnail hentry category-evenements tag-chaine-de-valeur-fr tag-kenya-fr tag-outils-numeriques tag-pomme-de-terre\">\n<div class=\"wp-block-columns is-layout-flex wp-container-core-columns-is-layout-28f84493 wp-block-columns-is-layout-flex\">\n<div class=\"wp-block-column is-layout-flow wp-block-column-is-layout-flow\" style=\"flex-basis:33.33%\">\n<figure style=\"height:200px;\" class=\"wp-block-post-featured-image\"><a href=\"https:\/\/africa.ifpri.info\/fr\/2025\/03\/18\/seminaire-lintegration-des-outils-numeriques-et-la-chaine-de-valeur-de-la-pomme-de-terre-au-kenya\/\" target=\"_self\"  style=\"height:200px\"><img loading=\"lazy\" decoding=\"async\" width=\"1200\" height=\"800\" src=\"https:\/\/africa.ifpri.info\/files\/2025\/03\/shutterstock_2436978303.jpg\" class=\"attachment-post-thumbnail size-post-thumbnail wp-post-image\" alt=\"S\u00e9minaire: L&#8217;int\u00e9gration des outils num\u00e9riques et la cha\u00eene de valeur de la pomme de terre au Kenya\" style=\"height:200px;object-fit:cover;\" srcset=\"https:\/\/africa.ifpri.info\/files\/2025\/03\/shutterstock_2436978303.jpg 1200w, https:\/\/africa.ifpri.info\/files\/2025\/03\/shutterstock_2436978303-300x200.jpg 300w, https:\/\/africa.ifpri.info\/files\/2025\/03\/shutterstock_2436978303-1024x683.jpg 1024w, https:\/\/africa.ifpri.info\/files\/2025\/03\/shutterstock_2436978303-768x512.jpg 768w\" sizes=\"auto, (max-width: 1200px) 100vw, 1200px\" \/><\/a><\/figure>\n<\/div>\n<div class=\"wp-block-column is-layout-flow wp-block-column-is-layout-flow\" style=\"padding-top:0;padding-right:var(--wp--preset--spacing--x-large);padding-bottom:0;padding-left:var(--wp--preset--spacing--x-large);flex-basis:66.66%\">\n<div class=\"wp-block-group has-global-padding is-layout-constrained wp-block-group-is-layout-constrained\">\n<div class=\"wp-block-group is-nowrap is-layout-flex wp-container-core-group-is-layout-75a7a635 wp-block-group-is-layout-flex\" style=\"margin-top:var(--wp--preset--spacing--large);margin-bottom:var(--wp--preset--spacing--large)\">\n<div style=\"margin-left:0.25em;\" class=\"wp-block-post-date\"><time datetime=\"2025-03-18T11:05:47+00:00\">18 March 2025<\/time><\/div>\n<\/div>\n<h2 class=\"wp-block-post-title has-label-4-size-font-size\"><a href=\"https:\/\/africa.ifpri.info\/fr\/2025\/03\/18\/seminaire-lintegration-des-outils-numeriques-et-la-chaine-de-valeur-de-la-pomme-de-terre-au-kenya\/\" target=\"_self\" >S\u00e9minaire: L&#8217;int\u00e9gration des outils num\u00e9riques et la cha\u00eene de valeur de la pomme de terre au Kenya<\/a><\/h2>\n<div class=\"4csp-excerpt wp-block-post-excerpt has-body-3-size-font-size\">\n<p class=\"wp-block-post-excerpt__excerpt\">Le Kenya est confront\u00e9 \u00e0 divers d\u00e9fis tout au long de la cha\u00eene de valeur, notamment un acc\u00e8s limit\u00e9 \u00e0 du mat\u00e9riel de plantation de qualit\u00e9 tel que des semences et des engrais, des installations de stockage et de traitement post-r\u00e9colte insuffisantes, des prix de march\u00e9 fluctuants et un acc\u00e8s limit\u00e9 \u00e0 des syst\u00e8mes d'information&hellip; <\/p>\n<\/div>\n<\/div>\n<\/div>\n<\/div>\n<\/li>\n<li class=\"wp-block-post post-20334 post type-post status-publish format-standard has-post-thumbnail hentry category-evenements tag-commission-de-lunion-africaine tag-pddaa-fr tag-sommet-extraordinaire\">\n<div class=\"wp-block-columns is-layout-flex wp-container-core-columns-is-layout-28f84493 wp-block-columns-is-layout-flex\">\n<div class=\"wp-block-column is-layout-flow wp-block-column-is-layout-flow\" style=\"flex-basis:33.33%\">\n<figure style=\"height:200px;\" class=\"wp-block-post-featured-image\"><a href=\"https:\/\/africa.ifpri.info\/fr\/2025\/01\/09\/le-sommet-extraordinaire-sur-le-programme-detaille-pour-le-developpement-de-lagriculture-africaine-pddaa\/\" target=\"_self\"  style=\"height:200px\"><img loading=\"lazy\" decoding=\"async\" width=\"760\" height=\"310\" src=\"https:\/\/africa.ifpri.info\/files\/2025\/01\/44323-CAADP_banner.png\" class=\"attachment-post-thumbnail size-post-thumbnail wp-post-image\" alt=\"Le sommet extraordinaire sur le Programme d\u00e9taill\u00e9 pour le d\u00e9veloppement de l&#8217;agriculture africaine (PDDAA)\" style=\"height:200px;object-fit:cover;\" srcset=\"https:\/\/africa.ifpri.info\/files\/2025\/01\/44323-CAADP_banner.png 760w, https:\/\/africa.ifpri.info\/files\/2025\/01\/44323-CAADP_banner-300x122.png 300w\" sizes=\"auto, (max-width: 760px) 100vw, 760px\" \/><\/a><\/figure>\n<\/div>\n<div class=\"wp-block-column is-layout-flow wp-block-column-is-layout-flow\" style=\"padding-top:0;padding-right:var(--wp--preset--spacing--x-large);padding-bottom:0;padding-left:var(--wp--preset--spacing--x-large);flex-basis:66.66%\">\n<div class=\"wp-block-group has-global-padding is-layout-constrained wp-block-group-is-layout-constrained\">\n<div class=\"wp-block-group is-nowrap is-layout-flex wp-container-core-group-is-layout-75a7a635 wp-block-group-is-layout-flex\" style=\"margin-top:var(--wp--preset--spacing--large);margin-bottom:var(--wp--preset--spacing--large)\">\n<div style=\"margin-left:0.25em;\" class=\"wp-block-post-date\"><time datetime=\"2025-01-09T12:58:29+00:00\">9 January 2025<\/time><\/div>\n<\/div>\n<h2 class=\"wp-block-post-title has-label-4-size-font-size\"><a href=\"https:\/\/africa.ifpri.info\/fr\/2025\/01\/09\/le-sommet-extraordinaire-sur-le-programme-detaille-pour-le-developpement-de-lagriculture-africaine-pddaa\/\" target=\"_self\" >Le sommet extraordinaire sur le Programme d\u00e9taill\u00e9 pour le d\u00e9veloppement de l&#8217;agriculture africaine (PDDAA)<\/a><\/h2>\n<div class=\"4csp-excerpt wp-block-post-excerpt has-body-3-size-font-size\">\n<p class=\"wp-block-post-excerpt__excerpt\">L'IFPRI est heureux de participer au Sommet extraordinaire sur le Programme d\u00e9taill\u00e9 pour le d\u00e9veloppement de l'agriculture africaine (PDDAA), organis\u00e9 par la Commission de l'Union africaine et accueilli par le gouvernement de l'Ouganda du 9 au 11 janvier 2025. <\/p>\n<\/div>\n<\/div>\n<\/div>\n<\/div>\n<\/li>\n<li class=\"wp-block-post post-20286 post type-post status-publish format-standard has-post-thumbnail hentry category-evenements tag-afrique-fr tag-nutrition-fr tag-production-agricole-fr tag-securite-alimentaire-fr tag-systeme-alimentaire\">\n<div class=\"wp-block-columns is-layout-flex wp-container-core-columns-is-layout-28f84493 wp-block-columns-is-layout-flex\">\n<div class=\"wp-block-column is-layout-flow wp-block-column-is-layout-flow\" style=\"flex-basis:33.33%\">\n<figure style=\"height:200px;\" class=\"wp-block-post-featured-image\"><a href=\"https:\/\/africa.ifpri.info\/fr\/2024\/12\/04\/le-surendettement-et-le-droit-a-lalimentation-en-afrique\/\" target=\"_self\"  style=\"height:200px\"><img loading=\"lazy\" decoding=\"async\" width=\"1030\" height=\"510\" src=\"https:\/\/africa.ifpri.info\/files\/2024\/10\/debt-post.png\" class=\"attachment-post-thumbnail size-post-thumbnail wp-post-image\" alt=\"LE SURENDETTEMENT ET LE DROIT \u00c0 L\u2019ALIMENTATION EN AFRIQUE\" style=\"height:200px;object-fit:cover;\" srcset=\"https:\/\/africa.ifpri.info\/files\/2024\/10\/debt-post.png 1030w, https:\/\/africa.ifpri.info\/files\/2024\/10\/debt-post-300x149.png 300w, https:\/\/africa.ifpri.info\/files\/2024\/10\/debt-post-1024x507.png 1024w, https:\/\/africa.ifpri.info\/files\/2024\/10\/debt-post-768x380.png 768w\" sizes=\"auto, (max-width: 1030px) 100vw, 1030px\" \/><\/a><\/figure>\n<\/div>\n<div class=\"wp-block-column is-layout-flow wp-block-column-is-layout-flow\" style=\"padding-top:0;padding-right:var(--wp--preset--spacing--x-large);padding-bottom:0;padding-left:var(--wp--preset--spacing--x-large);flex-basis:66.66%\">\n<div class=\"wp-block-group has-global-padding is-layout-constrained wp-block-group-is-layout-constrained\">\n<div class=\"wp-block-group is-nowrap is-layout-flex wp-container-core-group-is-layout-75a7a635 wp-block-group-is-layout-flex\" style=\"margin-top:var(--wp--preset--spacing--large);margin-bottom:var(--wp--preset--spacing--large)\">\n<div style=\"margin-left:0.25em;\" class=\"wp-block-post-date\"><time datetime=\"2024-12-04T15:52:58+00:00\">4 December 2024<\/time><\/div>\n<\/div>\n<h2 class=\"wp-block-post-title has-label-4-size-font-size\"><a href=\"https:\/\/africa.ifpri.info\/fr\/2024\/12\/04\/le-surendettement-et-le-droit-a-lalimentation-en-afrique\/\" target=\"_self\" >LE SURENDETTEMENT ET LE DROIT \u00c0 L\u2019ALIMENTATION EN AFRIQUE<\/a><\/h2>\n<div class=\"4csp-excerpt wp-block-post-excerpt has-body-3-size-font-size\">\n<p class=\"wp-block-post-excerpt__excerpt\">Plus de la moiti\u00e9 des pays \u00e0 faible revenu risquent de se retrouver en situation de surendettement ou sont d\u00e9j\u00e0 en situation de d\u00e9faut de paiement. La crise de la dette, bien qu\u2019exacerb\u00e9e par les crises r\u00e9centes, est imminente depuis plusieurs ann\u00e9es. <\/p>\n<\/div>\n<\/div>\n<\/div>\n<\/div>\n<\/li>\n<\/ul>\n<nav class=\"wp-block-query-pagination is-content-justification-center is-layout-flex wp-container-core-query-pagination-is-layout-a89b3969 wp-block-query-pagination-is-layout-flex\" aria-label=\"Pagination\">\n<div class=\"wp-block-query-pagination-numbers\"><span aria-current=\"page\" class=\"page-numbers current\">1<\/span><br \/>\n<a class=\"page-numbers\" href=\"?query-2-page=2\">2<\/a><br \/>\n<a class=\"page-numbers\" href=\"?query-2-page=3\">3<\/a><br \/>\n<span class=\"page-numbers dots\">&hellip;<\/span><br \/>\n<a class=\"page-numbers\" href=\"?query-2-page=13\">13<\/a><\/div>\n<p><a href=\"\/fr\/wp-json\/wp\/v2\/pages\/152926?query-2-page=2\" class=\"wp-block-query-pagination-next\" aria-label=\"Next Page\"><span class='wp-block-query-pagination-next-arrow is-arrow-chevron' aria-hidden='true'>\u00bb<\/span><\/a><br \/>\n<\/nav>\n<\/div>\n","protected":false},"excerpt":{"rendered":"","protected":false},"author":164,"featured_media":0,"parent":0,"menu_order":0,"comment_status":"closed","ping_status":"closed","template":"","meta":{"_acf_changed":false,"inline_featured_image":false,"_monsterinsights_skip_tracking":false,"_monsterinsights_sitenote_active":false,"_monsterinsights_sitenote_note":"","_monsterinsights_sitenote_category":0,"footnotes":""},"class_list":["post-152926","page","type-page","status-publish","hentry"],"acf":[],"mb":[],"mfb_rest_fields":["title"],"_links":{"self":[{"href":"https:\/\/africa.ifpri.info\/fr\/wp-json\/wp\/v2\/pages\/152926","targetHints":{"allow":["GET"]}}],"collection":[{"href":"https:\/\/africa.ifpri.info\/fr\/wp-json\/wp\/v2\/pages"}],"about":[{"href":"https:\/\/africa.ifpri.info\/fr\/wp-json\/wp\/v2\/types\/page"}],"author":[{"embeddable":true,"href":"https:\/\/africa.ifpri.info\/fr\/wp-json\/wp\/v2\/users\/164"}],"replies":[{"embeddable":true,"href":"https:\/\/africa.ifpri.info\/fr\/wp-json\/wp\/v2\/comments?post=152926"}],"version-history":[{"count":0,"href":"https:\/\/africa.ifpri.info\/fr\/wp-json\/wp\/v2\/pages\/152926\/revisions"}],"wp:attachment":[{"href":"https:\/\/africa.ifpri.info\/fr\/wp-json\/wp\/v2\/media?parent=152926"}],"curies":[{"name":"wp","href":"https:\/\/api.w.org\/{rel}","templated":true}]}}