{"id":152928,"date":"2025-11-14T19:07:06","date_gmt":"2025-11-14T19:07:06","guid":{"rendered":"https:\/\/africanew.ifpri.info\/blogs-et-actualites\/"},"modified":"2025-11-14T19:07:06","modified_gmt":"2025-11-14T19:07:06","slug":"blogs-et-actualites","status":"publish","type":"page","link":"https:\/\/africa.ifpri.info\/fr\/blogs-et-actualites\/","title":{"rendered":"Blogs et actualit\u00e9s"},"content":{"rendered":"<\/p>\n<div class=\"wp-block-query is-layout-flow wp-block-query-is-layout-flow\">\n<ul class=\"columns-1 wp-block-post-template is-layout-grid wp-container-core-post-template-is-layout-88028e39 wp-block-post-template-is-layout-grid\">\n<li class=\"wp-block-post post-153347 post type-post status-publish format-standard has-post-thumbnail hentry category-communiques-de-presse tag-burkina-faso tag-nutrition-fr tag-regimes tag-sante tag-wash\">\n<div class=\"wp-block-columns is-layout-flex wp-container-core-columns-is-layout-28f84493 wp-block-columns-is-layout-flex\">\n<div class=\"wp-block-column is-layout-flow wp-block-column-is-layout-flow\" style=\"flex-basis:33.33%\">\n<figure style=\"height:200px;\" class=\"wp-block-post-featured-image\"><a href=\"https:\/\/africa.ifpri.info\/fr\/2026\/04\/09\/integrer-les-supplements-nutritionnels-et-le-wash-dans-les-programmes-agricoles-ameliore-le-statut-en-micronutriments-des-enfants-au-burkina-faso\/\" target=\"_self\"  style=\"height:200px\"><img loading=\"lazy\" decoding=\"async\" width=\"1366\" height=\"768\" src=\"https:\/\/africa.ifpri.info\/files\/2025\/04\/Copie-de-Social-Media-Card-Site-Web-3.png\" class=\"attachment-post-thumbnail size-post-thumbnail wp-post-image\" alt=\"Int\u00e9grer les suppl\u00e9ments nutritionnels et le WASH dans les programmes agricoles am\u00e9liore le statut en micronutriments des enfants au Burkina Faso\" style=\"height:200px;object-fit:cover;\" srcset=\"https:\/\/africa.ifpri.info\/files\/2025\/04\/Copie-de-Social-Media-Card-Site-Web-3.png 1366w, https:\/\/africa.ifpri.info\/files\/2025\/04\/Copie-de-Social-Media-Card-Site-Web-3-300x169.png 300w, https:\/\/africa.ifpri.info\/files\/2025\/04\/Copie-de-Social-Media-Card-Site-Web-3-1024x576.png 1024w, https:\/\/africa.ifpri.info\/files\/2025\/04\/Copie-de-Social-Media-Card-Site-Web-3-768x432.png 768w\" sizes=\"auto, (max-width: 1366px) 100vw, 1366px\" \/><\/a><\/figure>\n<\/div>\n<div class=\"wp-block-column is-layout-flow wp-container-core-column-is-layout-fe41c150 wp-block-column-is-layout-flow\" style=\"padding-right:var(--wp--preset--spacing--large);padding-left:var(--wp--preset--spacing--large);flex-basis:66.66%\">\n<div class=\"wp-block-group has-global-padding is-layout-constrained wp-block-group-is-layout-constrained\">\n<div class=\"wp-block-group is-nowrap is-layout-flex wp-container-core-group-is-layout-75a7a635 wp-block-group-is-layout-flex\" style=\"margin-top:var(--wp--preset--spacing--large);margin-bottom:var(--wp--preset--spacing--large)\">\n<div class=\"wp-block-post-date\"><time datetime=\"2026-04-09T17:25:36+00:00\">9 April 2026<\/time><\/div>\n<\/div>\n<h2 class=\"wp-block-post-title has-label-4-size-font-size\"><a href=\"https:\/\/africa.ifpri.info\/fr\/2026\/04\/09\/integrer-les-supplements-nutritionnels-et-le-wash-dans-les-programmes-agricoles-ameliore-le-statut-en-micronutriments-des-enfants-au-burkina-faso\/\" target=\"_self\" >Int\u00e9grer les suppl\u00e9ments nutritionnels et le WASH dans les programmes agricoles am\u00e9liore le statut en micronutriments des enfants au Burkina Faso<\/a><\/h2>\n<div class=\"4csp-excerpt wp-block-post-excerpt has-body-3-size-font-size\">\n<p class=\"wp-block-post-excerpt__excerpt\">Communiqu\u00e9 de presse: Nutrition, r\u00e9gimes et sant\u00e9 L\u2019ajout de suppl\u00e9ments nutritionnels lipidiques en petite quantit\u00e9 (SQ\u2011LNS) et d\u2019interventions en eau, assainissement et hygi\u00e8ne (WASH) \u00e0 un programme de production alimentaire familiale a significativement am\u00e9lior\u00e9 le statut en fer et en vitamine A des enfants en milieu rural au Burkina Faso, selon une nouvelle \u00e9tude publi\u00e9e&hellip; <\/p>\n<\/div>\n<\/div>\n<\/div>\n<\/div>\n<\/li>\n<li class=\"wp-block-post post-20959 post type-post status-publish format-standard has-post-thumbnail hentry category-communiques-de-presse tag-africa-fr tag-afrique-fr tag-caadp-fr tag-food-systems-fr tag-innovation-fr tag-jeunesse-africaine tag-systemes-agroalimentaires\">\n<div class=\"wp-block-columns is-layout-flex wp-container-core-columns-is-layout-28f84493 wp-block-columns-is-layout-flex\">\n<div class=\"wp-block-column is-layout-flow wp-block-column-is-layout-flow\" style=\"flex-basis:33.33%\">\n<figure style=\"height:200px;\" class=\"wp-block-post-featured-image\"><a href=\"https:\/\/africa.ifpri.info\/fr\/2025\/08\/29\/lifpri-au-forum-africain-sur-les-systemes-alimentaires-2025\/\" target=\"_self\"  style=\"height:200px\"><img loading=\"lazy\" decoding=\"async\" width=\"1366\" height=\"768\" src=\"https:\/\/africa.ifpri.info\/files\/2025\/04\/Copie-de-Social-Media-Card-Site-Web-3.png\" class=\"attachment-post-thumbnail size-post-thumbnail wp-post-image\" alt=\"L\u2019IFPRI au forum africain sur les syst\u00e8mes alimentaires 2025\" style=\"height:200px;object-fit:cover;\" srcset=\"https:\/\/africa.ifpri.info\/files\/2025\/04\/Copie-de-Social-Media-Card-Site-Web-3.png 1366w, https:\/\/africa.ifpri.info\/files\/2025\/04\/Copie-de-Social-Media-Card-Site-Web-3-300x169.png 300w, https:\/\/africa.ifpri.info\/files\/2025\/04\/Copie-de-Social-Media-Card-Site-Web-3-1024x576.png 1024w, https:\/\/africa.ifpri.info\/files\/2025\/04\/Copie-de-Social-Media-Card-Site-Web-3-768x432.png 768w\" sizes=\"auto, (max-width: 1366px) 100vw, 1366px\" \/><\/a><\/figure>\n<\/div>\n<div class=\"wp-block-column is-layout-flow wp-container-core-column-is-layout-fe41c150 wp-block-column-is-layout-flow\" style=\"padding-right:var(--wp--preset--spacing--large);padding-left:var(--wp--preset--spacing--large);flex-basis:66.66%\">\n<div class=\"wp-block-group has-global-padding is-layout-constrained wp-block-group-is-layout-constrained\">\n<div class=\"wp-block-group is-nowrap is-layout-flex wp-container-core-group-is-layout-75a7a635 wp-block-group-is-layout-flex\" style=\"margin-top:var(--wp--preset--spacing--large);margin-bottom:var(--wp--preset--spacing--large)\">\n<div class=\"wp-block-post-date\"><time datetime=\"2025-08-29T22:45:50+00:00\">29 August 2025<\/time><\/div>\n<\/div>\n<h2 class=\"wp-block-post-title has-label-4-size-font-size\"><a href=\"https:\/\/africa.ifpri.info\/fr\/2025\/08\/29\/lifpri-au-forum-africain-sur-les-systemes-alimentaires-2025\/\" target=\"_self\" >L\u2019IFPRI au forum africain sur les syst\u00e8mes alimentaires 2025<\/a><\/h2>\n<div class=\"4csp-excerpt wp-block-post-excerpt has-body-3-size-font-size\">\n<p class=\"wp-block-post-excerpt__excerpt\">Le Forum africain sur les syst\u00e8mes alimentaires 2025 (AFSF) se tiendra \u00e0 Dakar, S\u00e9n\u00e9gal, du 31 ao\u00fbt au 5 septembre 2025 <\/p>\n<\/div>\n<\/div>\n<\/div>\n<\/div>\n<\/li>\n<li class=\"wp-block-post post-20835 post type-post status-publish format-standard has-post-thumbnail hentry category-news-fr category-blogs1 tag-africa-fr tag-afrique-fr tag-afrique-de-louest-fr tag-east-africa-fr tag-gender-fr tag-genre tag-pauvrete-fr tag-west-africa-fr\">\n<div class=\"wp-block-columns is-layout-flex wp-container-core-columns-is-layout-28f84493 wp-block-columns-is-layout-flex\">\n<div class=\"wp-block-column is-layout-flow wp-block-column-is-layout-flow\" style=\"flex-basis:33.33%\">\n<figure style=\"height:200px;\" class=\"wp-block-post-featured-image\"><a href=\"https:\/\/africa.ifpri.info\/fr\/2025\/05\/12\/appliquer-la-wemns-pour-instaurer-legalite-des-sexes\/\" target=\"_self\"  style=\"height:200px\"><img loading=\"lazy\" decoding=\"async\" width=\"1200\" height=\"800\" src=\"https:\/\/africa.ifpri.info\/files\/2025\/05\/IWMI.2024.10.07.0026.GHA_.AA_.jpg\" class=\"attachment-post-thumbnail size-post-thumbnail wp-post-image\" alt=\"Appliquer la WEMNS pour instaurer l&#8217;\u00e9galit\u00e9 des sexes\" style=\"height:200px;object-fit:cover;\" srcset=\"https:\/\/africa.ifpri.info\/files\/2025\/05\/IWMI.2024.10.07.0026.GHA_.AA_.jpg 1200w, https:\/\/africa.ifpri.info\/files\/2025\/05\/IWMI.2024.10.07.0026.GHA_.AA_-300x200.jpg 300w, https:\/\/africa.ifpri.info\/files\/2025\/05\/IWMI.2024.10.07.0026.GHA_.AA_-1024x683.jpg 1024w, https:\/\/africa.ifpri.info\/files\/2025\/05\/IWMI.2024.10.07.0026.GHA_.AA_-768x512.jpg 768w\" sizes=\"auto, (max-width: 1200px) 100vw, 1200px\" \/><\/a><\/figure>\n<\/div>\n<div class=\"wp-block-column is-layout-flow wp-container-core-column-is-layout-fe41c150 wp-block-column-is-layout-flow\" style=\"padding-right:var(--wp--preset--spacing--large);padding-left:var(--wp--preset--spacing--large);flex-basis:66.66%\">\n<div class=\"wp-block-group has-global-padding is-layout-constrained wp-block-group-is-layout-constrained\">\n<div class=\"wp-block-group is-nowrap is-layout-flex wp-container-core-group-is-layout-75a7a635 wp-block-group-is-layout-flex\" style=\"margin-top:var(--wp--preset--spacing--large);margin-bottom:var(--wp--preset--spacing--large)\">\n<div class=\"wp-block-post-date\"><time datetime=\"2025-05-12T12:47:23+00:00\">12 May 2025<\/time><\/div>\n<\/div>\n<h2 class=\"wp-block-post-title has-label-4-size-font-size\"><a href=\"https:\/\/africa.ifpri.info\/fr\/2025\/05\/12\/appliquer-la-wemns-pour-instaurer-legalite-des-sexes\/\" target=\"_self\" >Appliquer la WEMNS pour instaurer l&#8217;\u00e9galit\u00e9 des sexes<\/a><\/h2>\n<div class=\"4csp-excerpt wp-block-post-excerpt has-body-3-size-font-size\">\n<p class=\"wp-block-post-excerpt__excerpt\">La WEMNS est un outil simplifi\u00e9 destin\u00e9 \u00e0 \u00eatre utilis\u00e9 dans le cadre d'enqu\u00eates \u00e0 grande \u00e9chelle et multith\u00e9matiques, tant en milieu rural qu'urbain, elle a \u00e9t\u00e9 con\u00e7ue pour \u00eatre ajout\u00e9e aux enqu\u00eates existantes. <\/p>\n<\/div>\n<\/div>\n<\/div>\n<\/div>\n<\/li>\n<li class=\"wp-block-post post-20853 post type-post status-publish format-standard has-post-thumbnail hentry category-communiques-de-presse tag-africa-fr\">\n<div class=\"wp-block-columns is-layout-flex wp-container-core-columns-is-layout-28f84493 wp-block-columns-is-layout-flex\">\n<div class=\"wp-block-column is-layout-flow wp-block-column-is-layout-flow\" style=\"flex-basis:33.33%\">\n<figure style=\"height:200px;\" class=\"wp-block-post-featured-image\"><a href=\"https:\/\/africa.ifpri.info\/fr\/2025\/04\/04\/steven-were-omamo-nomme-directeur-de-lifpri-pour-lafrique\/\" target=\"_self\"  style=\"height:200px\"><img loading=\"lazy\" decoding=\"async\" width=\"1366\" height=\"768\" src=\"https:\/\/africa.ifpri.info\/files\/2025\/04\/Copie-de-Social-Media-Card-Site-Web-4.png\" class=\"attachment-post-thumbnail size-post-thumbnail wp-post-image\" alt=\"Communiqu\u00e9 de presse : Steven Were Omamo nomm\u00e9 directeur de l\u2019IFPRI pour l\u2019Afrique\" style=\"height:200px;object-fit:cover;\" srcset=\"https:\/\/africa.ifpri.info\/files\/2025\/04\/Copie-de-Social-Media-Card-Site-Web-4.png 1366w, https:\/\/africa.ifpri.info\/files\/2025\/04\/Copie-de-Social-Media-Card-Site-Web-4-300x169.png 300w, https:\/\/africa.ifpri.info\/files\/2025\/04\/Copie-de-Social-Media-Card-Site-Web-4-1024x576.png 1024w, https:\/\/africa.ifpri.info\/files\/2025\/04\/Copie-de-Social-Media-Card-Site-Web-4-768x432.png 768w\" sizes=\"auto, (max-width: 1366px) 100vw, 1366px\" \/><\/a><\/figure>\n<\/div>\n<div class=\"wp-block-column is-layout-flow wp-container-core-column-is-layout-fe41c150 wp-block-column-is-layout-flow\" style=\"padding-right:var(--wp--preset--spacing--large);padding-left:var(--wp--preset--spacing--large);flex-basis:66.66%\">\n<div class=\"wp-block-group has-global-padding is-layout-constrained wp-block-group-is-layout-constrained\">\n<div class=\"wp-block-group is-nowrap is-layout-flex wp-container-core-group-is-layout-75a7a635 wp-block-group-is-layout-flex\" style=\"margin-top:var(--wp--preset--spacing--large);margin-bottom:var(--wp--preset--spacing--large)\">\n<div class=\"wp-block-post-date\"><time datetime=\"2025-04-04T14:27:44+00:00\">4 April 2025<\/time><\/div>\n<\/div>\n<h2 class=\"wp-block-post-title has-label-4-size-font-size\"><a href=\"https:\/\/africa.ifpri.info\/fr\/2025\/04\/04\/steven-were-omamo-nomme-directeur-de-lifpri-pour-lafrique\/\" target=\"_self\" >Communiqu\u00e9 de presse : Steven Were Omamo nomm\u00e9 directeur de l\u2019IFPRI pour l\u2019Afrique<\/a><\/h2>\n<div class=\"4csp-excerpt wp-block-post-excerpt has-body-3-size-font-size\">\n<p class=\"wp-block-post-excerpt__excerpt\">L\u2019Institut international de recherche sur les politiques alimentaires (IFPRI) a le plaisir d\u2019annoncer que Steven Were Omamo a \u00e9t\u00e9 nomm\u00e9 directeur de l\u2019IFPRI pour l\u2019Afrique. M.\u00a0Omamo restera \u00e9galement directeur de l\u2019unit\u00e9 Strat\u00e9gies de d\u00e9veloppement et gouvernance (DSG) de l\u2019IFPRI. Omamo a rejoint l\u2019IFPRI en octobre 2024 et est bas\u00e9 au bureau de Nairobi, au Kenya.&hellip; <\/p>\n<\/div>\n<\/div>\n<\/div>\n<\/div>\n<\/li>\n<li class=\"wp-block-post post-20468 post type-post status-publish format-standard has-post-thumbnail hentry category-blogs1 tag-afrique-de-louest-fr tag-burkina-faso tag-commerce-fr tag-mali-fr tag-migration-et-envois-de-fonds tag-niger-fr tag-securite-alimentaire-fr tag-west-africa-fr\">\n<div class=\"wp-block-columns is-layout-flex wp-container-core-columns-is-layout-28f84493 wp-block-columns-is-layout-flex\">\n<div class=\"wp-block-column is-layout-flow wp-block-column-is-layout-flow\" style=\"flex-basis:33.33%\">\n<figure style=\"height:200px;\" class=\"wp-block-post-featured-image\"><a href=\"https:\/\/africa.ifpri.info\/fr\/2025\/02\/03\/leclatement-de-la-cedeao-implications-pour-la-securite-alimentaire-et-la-cooperation-regionale-en-afrique-de-louest\/\" target=\"_self\"  style=\"height:200px\"><img loading=\"lazy\" decoding=\"async\" width=\"1591\" height=\"895\" src=\"https:\/\/africa.ifpri.info\/files\/2025\/01\/ecowas-summit-cropped.jpeg\" class=\"attachment-post-thumbnail size-post-thumbnail wp-post-image\" alt=\"L\u2019\u00e9clatement de la CEDEAO : implications pour la s\u00e9curit\u00e9 alimentaire et la coop\u00e9ration r\u00e9gionale en Afrique de l\u2019Ouest\" style=\"height:200px;object-fit:cover;\" srcset=\"https:\/\/africa.ifpri.info\/files\/2025\/01\/ecowas-summit-cropped.jpeg 1591w, https:\/\/africa.ifpri.info\/files\/2025\/01\/ecowas-summit-cropped-300x169.jpeg 300w, https:\/\/africa.ifpri.info\/files\/2025\/01\/ecowas-summit-cropped-1024x576.jpeg 1024w, https:\/\/africa.ifpri.info\/files\/2025\/01\/ecowas-summit-cropped-768x432.jpeg 768w, https:\/\/africa.ifpri.info\/files\/2025\/01\/ecowas-summit-cropped-1536x864.jpeg 1536w\" sizes=\"auto, (max-width: 1591px) 100vw, 1591px\" \/><\/a><\/figure>\n<\/div>\n<div class=\"wp-block-column is-layout-flow wp-container-core-column-is-layout-fe41c150 wp-block-column-is-layout-flow\" style=\"padding-right:var(--wp--preset--spacing--large);padding-left:var(--wp--preset--spacing--large);flex-basis:66.66%\">\n<div class=\"wp-block-group has-global-padding is-layout-constrained wp-block-group-is-layout-constrained\">\n<div class=\"wp-block-group is-nowrap is-layout-flex wp-container-core-group-is-layout-75a7a635 wp-block-group-is-layout-flex\" style=\"margin-top:var(--wp--preset--spacing--large);margin-bottom:var(--wp--preset--spacing--large)\">\n<div class=\"wp-block-post-date\"><time datetime=\"2025-02-03T16:51:16+00:00\">3 February 2025<\/time><\/div>\n<\/div>\n<h2 class=\"wp-block-post-title has-label-4-size-font-size\"><a href=\"https:\/\/africa.ifpri.info\/fr\/2025\/02\/03\/leclatement-de-la-cedeao-implications-pour-la-securite-alimentaire-et-la-cooperation-regionale-en-afrique-de-louest\/\" target=\"_self\" >L\u2019\u00e9clatement de la CEDEAO : implications pour la s\u00e9curit\u00e9 alimentaire et la coop\u00e9ration r\u00e9gionale en Afrique de l\u2019Ouest<\/a><\/h2>\n<div class=\"4csp-excerpt wp-block-post-excerpt has-body-3-size-font-size\">\n<p class=\"wp-block-post-excerpt__excerpt\">Le 28 janvier, la Communaut\u00e9 \u00e9conomique des \u00c9tats de l\u2019Afrique de l\u2019Ouest (CEDEAO) perdra trois de ses membres fondateurs \u2013 le Burkina Faso, le Mali et le Niger \u2013 qui repr\u00e9sentent 16 % de sa population de 424 millions d'habitants et 7 % de son PIB. <\/p>\n<\/div>\n<\/div>\n<\/div>\n<\/div>\n<\/li>\n<li class=\"wp-block-post post-20466 post type-post status-publish format-standard has-post-thumbnail hentry category-blogs1 tag-afrique-de-lest tag-east-africa-fr tag-kenya-fr tag-production-agricole-fr tag-vulgarisation-agricole\">\n<div class=\"wp-block-columns is-layout-flex wp-container-core-columns-is-layout-28f84493 wp-block-columns-is-layout-flex\">\n<div class=\"wp-block-column is-layout-flow wp-block-column-is-layout-flow\" style=\"flex-basis:33.33%\">\n<figure style=\"height:200px;\" class=\"wp-block-post-featured-image\"><a href=\"https:\/\/africa.ifpri.info\/fr\/2025\/02\/03\/la-promesse-des-services-agricoles-numeriques-distinguer-la-realite-du-battage-mediatique-au-kenya\/\" target=\"_self\"  style=\"height:200px\"><img loading=\"lazy\" decoding=\"async\" width=\"889\" height=\"500\" src=\"https:\/\/africa.ifpri.info\/files\/2025\/01\/blog-digital-farmer-services_1140x500-1.jpeg\" class=\"attachment-post-thumbnail size-post-thumbnail wp-post-image\" alt=\"La promesse des services agricoles num\u00e9riques : distinguer la r\u00e9alit\u00e9 du battage m\u00e9diatique au kenya\" style=\"height:200px;object-fit:cover;\" srcset=\"https:\/\/africa.ifpri.info\/files\/2025\/01\/blog-digital-farmer-services_1140x500-1.jpeg 889w, https:\/\/africa.ifpri.info\/files\/2025\/01\/blog-digital-farmer-services_1140x500-1-300x169.jpeg 300w, https:\/\/africa.ifpri.info\/files\/2025\/01\/blog-digital-farmer-services_1140x500-1-768x432.jpeg 768w\" sizes=\"auto, (max-width: 889px) 100vw, 889px\" \/><\/a><\/figure>\n<\/div>\n<div class=\"wp-block-column is-layout-flow wp-container-core-column-is-layout-fe41c150 wp-block-column-is-layout-flow\" style=\"padding-right:var(--wp--preset--spacing--large);padding-left:var(--wp--preset--spacing--large);flex-basis:66.66%\">\n<div class=\"wp-block-group has-global-padding is-layout-constrained wp-block-group-is-layout-constrained\">\n<div class=\"wp-block-group is-nowrap is-layout-flex wp-container-core-group-is-layout-75a7a635 wp-block-group-is-layout-flex\" style=\"margin-top:var(--wp--preset--spacing--large);margin-bottom:var(--wp--preset--spacing--large)\">\n<div class=\"wp-block-post-date\"><time datetime=\"2025-02-03T16:44:14+00:00\">3 February 2025<\/time><\/div>\n<\/div>\n<h2 class=\"wp-block-post-title has-label-4-size-font-size\"><a href=\"https:\/\/africa.ifpri.info\/fr\/2025\/02\/03\/la-promesse-des-services-agricoles-numeriques-distinguer-la-realite-du-battage-mediatique-au-kenya\/\" target=\"_self\" >La promesse des services agricoles num\u00e9riques : distinguer la r\u00e9alit\u00e9 du battage m\u00e9diatique au kenya<\/a><\/h2>\n<div class=\"4csp-excerpt wp-block-post-excerpt has-body-3-size-font-size\">\n<p class=\"wp-block-post-excerpt__excerpt\">Les performances de l\u2019agriculture en Afrique subsaharienne restent insuffisantes malgr\u00e9 le vaste potentiel de la r\u00e9gion, du fait que la production peine \u00e0 suivre la croissance de la population, principalement en raison d\u2019une expansion des terres non durable au d\u00e9triment de gains de productivit\u00e9. <\/p>\n<\/div>\n<\/div>\n<\/div>\n<\/div>\n<\/li>\n<\/ul>\n<style>.wp-block-query-pagination br {\n  display: none;\n}<\/style>\n<nav class=\"wp-block-query-pagination is-content-justification-center is-layout-flex wp-container-core-query-pagination-is-layout-a89b3969 wp-block-query-pagination-is-layout-flex\" aria-label=\"Pagination\">\n<div class=\"wp-block-query-pagination-numbers\"><span aria-current=\"page\" class=\"page-numbers current\">1<\/span><br \/>\n<a class=\"page-numbers\" href=\"?query-2-page=2\">2<\/a><br \/>\n<a class=\"page-numbers\" href=\"?query-2-page=3\">3<\/a><br \/>\n<span class=\"page-numbers dots\">&hellip;<\/span><br \/>\n<a class=\"page-numbers\" href=\"?query-2-page=14\">14<\/a><\/div>\n<p><a href=\"\/fr\/wp-json\/wp\/v2\/pages\/152928?query-2-page=2\" class=\"wp-block-query-pagination-next\">Next Page<span class='wp-block-query-pagination-next-arrow is-arrow-chevron' aria-hidden='true'>\u00bb<\/span><\/a><br \/>\n<\/nav>\n<\/div>\n","protected":false},"excerpt":{"rendered":"","protected":false},"author":164,"featured_media":0,"parent":0,"menu_order":0,"comment_status":"closed","ping_status":"closed","template":"","meta":{"_acf_changed":false,"inline_featured_image":false,"_monsterinsights_skip_tracking":false,"_monsterinsights_sitenote_active":false,"_monsterinsights_sitenote_note":"","_monsterinsights_sitenote_category":0,"footnotes":""},"class_list":["post-152928","page","type-page","status-publish","hentry"],"acf":[],"mb":[],"mfb_rest_fields":["title"],"_links":{"self":[{"href":"https:\/\/africa.ifpri.info\/fr\/wp-json\/wp\/v2\/pages\/152928","targetHints":{"allow":["GET"]}}],"collection":[{"href":"https:\/\/africa.ifpri.info\/fr\/wp-json\/wp\/v2\/pages"}],"about":[{"href":"https:\/\/africa.ifpri.info\/fr\/wp-json\/wp\/v2\/types\/page"}],"author":[{"embeddable":true,"href":"https:\/\/africa.ifpri.info\/fr\/wp-json\/wp\/v2\/users\/164"}],"replies":[{"embeddable":true,"href":"https:\/\/africa.ifpri.info\/fr\/wp-json\/wp\/v2\/comments?post=152928"}],"version-history":[{"count":0,"href":"https:\/\/africa.ifpri.info\/fr\/wp-json\/wp\/v2\/pages\/152928\/revisions"}],"wp:attachment":[{"href":"https:\/\/africa.ifpri.info\/fr\/wp-json\/wp\/v2\/media?parent=152928"}],"curies":[{"name":"wp","href":"https:\/\/api.w.org\/{rel}","templated":true}]}}