{"id":16073,"date":"2021-01-14T17:38:08","date_gmt":"2021-01-14T17:38:08","guid":{"rendered":"https:\/\/africanew.ifpri.info\/?page_id=16073"},"modified":"2021-07-30T17:26:46","modified_gmt":"2021-07-30T17:26:46","slug":"a-propos","status":"publish","type":"page","link":"https:\/\/africa.ifpri.info\/fr\/a-propos\/","title":{"rendered":"\u00c0 propos"},"content":{"rendered":"<p><img loading=\"lazy\" decoding=\"async\" id=\"Map_IFPRI_Africa_800\" class=\"alignright\" src=\"\/files\/2021\/07\/Map_IFPRI_Africa_800fr.png\" alt=\"\" usemap=\"#m_Map_IFPRI_Africa_800\" width=\"800\" height=\"800\" name=\"Map_IFPRI_Africa_800\" \/><\/p>\n<map id=\"m_Map_IFPRI_Africa_800\" name=\"m_Map_IFPRI_Africa_800\">\n<area title=\"The Gambia\" alt=\"The Gambia\" coords=\"82,288,104,290,83,298\" shape=\"poly\" href=\"\/?s=the-gambia\" \/>\n<area title=\"Senegal\" alt=\"Senegal\" coords=\"110,289,83,285,83,285,86,262,113,266,123,281,130,299,111,296,84,298\" shape=\"poly\" href=\"\/?s=senegal\/\" \/>\n<area title=\"Guinea Bissau\" alt=\"Guinea Bissau\" coords=\"85,301,109,298,107,307,98,311\" shape=\"poly\" href=\"\/?s=guinea-bissau\" \/>\n<area alt=\"\" coords=\"100,313,113,299,155,306,160,338\" shape=\"poly\" href=\"\/?s=guinea\" \/>\n<area alt=\"\" coords=\"115,332,124,324,138,332,138,342,129,349\" shape=\"poly\" href=\"\/?s=sierra-leone\" \/>\n<area alt=\"\" coords=\"133,351,143,337,148,346,158,354,167,363,165,374\" shape=\"poly\" href=\"\/?s=liberia\" \/>\n<area title=\"Mali\" alt=\"Mali\" coords=\"178,177,191,177,272,239,252,269,202,289,188,316,123,281,186,272\" shape=\"poly\" href=\"\/?s=mali\" \/>\n<area title=\"Burkina Faso\" alt=\"Burkina Faso\" coords=\"201,293,234,277,255,306,209,313,203,322,188,319\" shape=\"poly\" href=\"\/?s=burkina-faso\" \/>\n<area alt=\"\" coords=\"164,320,207,324,207,368,168,373\" shape=\"poly\" href=\"\/?s=cote-divoire\" \/>\n<area alt=\"\" coords=\"210,314,234,314,242,358,212,368\" shape=\"poly\" href=\"\/ifpri-in-africa\/ghana\/\" \/>\n<area alt=\"\" coords=\"244,359,247,359,235,314,243,313,253,354\" shape=\"poly\" href=\"\/?s=togo\" \/>\n<area title=\"Benin\" alt=\"Benin\" coords=\"247,310,267,310,260,355,253,355\" shape=\"poly\" href=\"\/?s=benin\" \/>\n<area title=\"Nigeria\" alt=\"Nigeria\" coords=\"271,296,361,296,339,353,291,373,263,355\" shape=\"poly\" href=\"\/ifpri-in-africa\/nigeria\/\" \/>\n<area title=\"Chad\" alt=\"Chad\" coords=\"277,239,346,193,379,223,354,288,287,287,260,300,244,287\" shape=\"poly\" href=\"\/?s=chad\" \/>\n<area alt=\"\" coords=\"123,147,186,63,186,63,220,75,224,99,169,129,155,147\" shape=\"poly\" href=\"\/?s=morocco\" \/>\n<area alt=\"\" coords=\"511,446, 7\" shape=\"circle\" href=\"\/?s=burundi\" \/>\n<area title=\"Rwanda\" alt=\"Rwanda\" coords=\"522,384,551,382,549,413,513,427\" shape=\"poly\" href=\"\/ifpri-in-africa\/rwanda\/\" \/>\n<area title=\"DRC\" alt=\"DRC\" coords=\"408,375,372,467,421,483,455,520,505,490,503,378\" shape=\"poly\" href=\"\/?s=drc\" \/>\n<area title=\"Zambia\" alt=\"Zambia\" coords=\"441,538,444,569,481,579,516,555,539,545,540,503,514,494\" shape=\"poly\" href=\"\/?s=zambia\" \/>\n<area title=\"Zimbabwe\" alt=\"Zimbabwe\" coords=\"475,585,518,563,535,575,524,625\" shape=\"poly\" href=\"\/?s=zimbabwe\" \/>\n<area title=\"Mozambique\" alt=\"Mozambique\" coords=\"567,556,562,522,607,519,602,566,556,603,562,644,535,657,528,627,536,572,515,555\" shape=\"poly\" href=\"\/?s=mozambique\" \/>\n<area title=\"Botswana\" alt=\"Botswana\" coords=\"430,590,427,668,501,625,468,586\" shape=\"poly\" href=\"\/?s=botswana\" \/>\n<area title=\"South Africa\" alt=\"South Africa\" coords=\"422,677,507,626,534,680,534,680,476,746,418,755,397,709\" shape=\"poly\" href=\"\/?s=south-africa\" \/>\n<area title=\"Egypt\" alt=\"Egypt\" coords=\"468,111,470,205,557,199,551,114\" shape=\"poly\" href=\"\/ifpri-in-africa\/egypt\/\" \/>\n<area title=\"Tanzania\" alt=\"Tanzania\" coords=\"551,426,594,462,601,514,561,518,524,487,522,446\" shape=\"poly\" href=\"\/?s=tanzania\" \/>\n<area title=\"Kenya\" alt=\"Kenya\" coords=\"554,375,616,382,614,430,599,456,551,418\" shape=\"poly\" href=\"\/?s=kenya\" \/>\n<area title=\"South Sudan\" alt=\"South Sudan\" coords=\"461,330,544,320,551,373,498,372\" shape=\"poly\" href=\"\/?s=south-sudan\" \/>\n<area title=\"Sudan\" alt=\"Sudan\" coords=\"469,210,570,209,571,290,539,305,476,323,445,296\" shape=\"poly\" href=\"\/?s=sudan\" \/>\n<area title=\"Ethiopia\" alt=\"Ethiopia\" coords=\"613,287,574,285,574,285,610,281,640,331,672,344,598,379,547,341,572,288,574,286,574,286\" shape=\"poly\" href=\"\/ifpri-in-africa\/ethiopia\/\" \/> <\/map>\n<p>Au cours des trente derni\u00e8res ann\u00e9es, d\u2019impressionnants progr\u00e8s en sciences agricoles et production alimentaire ont permis de nourrir de mani\u00e8re significative une population mondiale croissante. Pourtant, de grands d\u00e9fis demeurent. Sur les 5,1 milliards d\u2019individus vivant dans les pays en d\u00e9veloppement, 1,2 milliard doivent encore affronter quotidiennement les ravages de la pauvret\u00e9. Pr\u00e8s de 800 millions d\u2019entre eux sont en situation d\u2019ins\u00e9curit\u00e9 alimentaire tandis que 170 millions d\u2019enfants de moins de cinq ans souffrent de malnutrition. Les ressources naturelles sur lesquelles repose la production alimentaire se d\u00e9gradent. La croissance de la productivit\u00e9 agricole dans les pays d\u00e9velopp\u00e9s, jadis rapide, tend maintenant \u00e0 ralentir. D\u2019ici 2025, il y aura 1,6 milliard d\u2019habitants de plus sur notre plan\u00e8te, augmentant de surcro\u00eet la pression sur des ressources limit\u00e9es.<\/p>\n<p>Atteindre une s\u00e9curit\u00e9 alimentaire pour tous n\u00e9cessitera que les populations pauvres aient un meilleur acc\u00e8s aux ressources, \u00e0 de meilleures technologies pour la production et la distribution des denr\u00e9es alimentaires, \u00e0 des gouvernements plus efficaces et responsables, \u00e0 des strat\u00e9gies opportunes et appropri\u00e9es, \u00e0 des politiques et des institutions dans les domaines de la production vivri\u00e8re, de la nutrition, des sciences et des technologies, \u00e0 des ressources naturelles, \u00e0 des march\u00e9s et au commerce.<\/p>\n<p>L\u2019IFPRI d\u00e9termine ses priorit\u00e9s de recherche \u00e0 travers un processus consultatif qui implique les parties prenantes concern\u00e9es des pays en d\u00e9veloppement et des pays d\u00e9velopp\u00e9s. Priorit\u00e9 est donn\u00e9e aux questions de politique alimentaire urgentes qui auront le plus grand impact positif sur les populations pauvres. L\u2019Institut a plus de vingtcinq ans d\u2019exp\u00e9rience en recherche et collabore avec les autres centres de recherche agricole, nationaux et internationaux, pour cr\u00e9er des synergies et obtenir des r\u00e9sultats durables.<\/p>\n<p>Les recherches de l\u2019IFPRI sont pluridisciplinaires et reposent sur des donn\u00e9es primaires collect\u00e9es en collaboration avec les institutions des pays en d\u00e9veloppement au niveau r\u00e9gional, national, et au sein des m\u00e9nages. L\u2019objectif de l\u2019Institut est de g\u00e9n\u00e9rer des r\u00e9sultats qui profiteront au niveau international \u00e0 l\u2019\u00e9laboration de politiques alimentaires dans des contextes socio-\u00e9conomiques, politiques et g\u00e9ographiques divers. L\u2019Institut m\u00e8ne ses recherches \u00e0 travers des programmes multinationaux mondiaux et r\u00e9gionaux, par la recherche-action participative et par des synth\u00e8ses de probl\u00e8mes th\u00e9matiques. De plus en plus, l\u2019IFPRI entreprend des recherches collaboratives et d\u00e9centralis\u00e9es dans une cinquantaine de pays en d\u00e9veloppement. L\u2019IFPRI a des bureaux dans plusieurs pays en d\u00e9veloppement dont la Chine, le Costa Rica, l\u2019\u00c9thiopie et l\u2019Inde, et a en plus des chercheurs qui r\u00e9sident dans les pays o\u00f9 ils poursuivent leur recherche.<\/p>\n<p>L\u2019IFPRI re\u00e7oit des financements de sources vari\u00e9es et fait partie du Groupe consultatif pour la recherche agricole internationale (CGIAR) qui est financ\u00e9 par plus de cinquante pays d\u00e9velopp\u00e9s et en d\u00e9veloppement, des fondations priv\u00e9es et des agences de coop\u00e9ration bilat\u00e9rales et multilat\u00e9rales.<\/p>\n","protected":false},"excerpt":{"rendered":"<p>Au cours des trente derni\u00e8res ann\u00e9es, d\u2019impressionnants progr\u00e8s en sciences agricoles et production alimentaire ont permis de nourrir de mani\u00e8re significative une population mondiale croissante. Pourtant, de grands d\u00e9fis demeurent. Sur les 5,1 milliards d\u2019individus vivant dans les pays en d\u00e9veloppement, 1,2 milliard doivent encore affronter quotidiennement les ravages de la pauvret\u00e9. Pr\u00e8s de 800 [&hellip;]<\/p>\n","protected":false},"author":1,"featured_media":17191,"parent":0,"menu_order":0,"comment_status":"closed","ping_status":"closed","template":"","meta":{"_acf_changed":false,"inline_featured_image":false,"_monsterinsights_skip_tracking":false,"_monsterinsights_sitenote_active":false,"_monsterinsights_sitenote_note":"","_monsterinsights_sitenote_category":0,"footnotes":""},"class_list":["post-16073","page","type-page","status-publish","has-post-thumbnail","hentry"],"acf":[],"mb":[],"mfb_rest_fields":["title"],"_links":{"self":[{"href":"https:\/\/africa.ifpri.info\/fr\/wp-json\/wp\/v2\/pages\/16073","targetHints":{"allow":["GET"]}}],"collection":[{"href":"https:\/\/africa.ifpri.info\/fr\/wp-json\/wp\/v2\/pages"}],"about":[{"href":"https:\/\/africa.ifpri.info\/fr\/wp-json\/wp\/v2\/types\/page"}],"author":[{"embeddable":true,"href":"https:\/\/africa.ifpri.info\/fr\/wp-json\/wp\/v2\/users\/1"}],"replies":[{"embeddable":true,"href":"https:\/\/africa.ifpri.info\/fr\/wp-json\/wp\/v2\/comments?post=16073"}],"version-history":[{"count":8,"href":"https:\/\/africa.ifpri.info\/fr\/wp-json\/wp\/v2\/pages\/16073\/revisions"}],"predecessor-version":[{"id":17427,"href":"https:\/\/africa.ifpri.info\/fr\/wp-json\/wp\/v2\/pages\/16073\/revisions\/17427"}],"wp:featuredmedia":[{"embeddable":true,"href":"https:\/\/africa.ifpri.info\/fr\/wp-json\/wp\/v2\/media\/17191"}],"wp:attachment":[{"href":"https:\/\/africa.ifpri.info\/fr\/wp-json\/wp\/v2\/media?parent=16073"}],"curies":[{"name":"wp","href":"https:\/\/api.w.org\/{rel}","templated":true}]}}