{"id":16956,"date":"2021-06-29T18:54:33","date_gmt":"2021-06-29T18:54:33","guid":{"rendered":"https:\/\/africanew.ifpri.info\/?page_id=16956"},"modified":"2021-07-28T16:29:46","modified_gmt":"2021-07-28T16:29:46","slug":"domaine-de-recherche-strategique","status":"publish","type":"page","link":"https:\/\/africa.ifpri.info\/fr\/domaine-de-recherche-strategique\/","title":{"rendered":"Domaine de recherche strat\u00e9gique"},"content":{"rendered":"<h2><strong>Focus global sur la transformation des syst\u00e8mes alimentaires<\/strong><\/h2>\n<p>Les syst\u00e8mes alimentaires englobent le large \u00e9ventail d'acteurs et leurs activit\u00e9s de valorisation interconnect\u00e9es impliqu\u00e9s dans la production, l'agr\u00e9gation, la transformation, la distribution, la consommation et l'\u00e9limination des produits alimentaires issus de l'agriculture, de la foresterie et de la p\u00eache, ainsi que les environnements \u00e9conomiques, soci\u00e9taux et naturels plus larges dans lesquels ils s'inscrivent. \u00c9tant donn\u00e9 que l'IFPRI se concentre sur la transformation des syst\u00e8mes alimentaires, il est essentiel de relier les dimensions analytiques et politiques du travail sur les syst\u00e8mes alimentaires dans la pratique. Les syst\u00e8mes alimentaires sont compos\u00e9s de sous-syst\u00e8mes (par exemple, les syst\u00e8mes agricoles, les syst\u00e8mes de gestion des d\u00e9chets, les syst\u00e8mes d'approvisionnement en intrants) et interagissent avec d'autres syst\u00e8mes cl\u00e9s (par exemple, les syst\u00e8mes \u00e9nerg\u00e9tiques, les syst\u00e8mes commerciaux, les syst\u00e8mes de sant\u00e9). La nature interd\u00e9pendante de ces syst\u00e8mes signifie qu'un changement structurel dans un syst\u00e8me alimentaire peut provenir d'un changement dans un autre syst\u00e8me (par exemple, une politique promouvant une plus grande utilisation des biocarburants dans le syst\u00e8me \u00e9nerg\u00e9tique peut avoir un impact significatif sur le syst\u00e8me alimentaire). En plus de mener des recherches sur des composantes sp\u00e9cifiques des syst\u00e8mes alimentaires, IFPRI en Afrique travaillera avec les gouvernements nationaux et les organisations r\u00e9gionales pour relier l'analyse, les interventions et les investissements politiques \u00e0 travers des syst\u00e8mes alimentaires complets. IFPRI en Afrique vise \u00e0 :<\/p>\n<ul>\n<li>D\u00e9velopper des outils analytiques qui aident les chercheurs et les gouvernements r\u00e9gionaux \u00e0 analyser le niveau de performance de leurs syst\u00e8mes alimentaires et \u00e0 d\u00e9velopper des voies de transformation de ces syst\u00e8mes.<\/li>\n<li>Contribuer \u00e0 la cartographie des acteurs du syst\u00e8me alimentaire sur lesquels les innovations sont les plus pertinentes et prioriser les interventions du syst\u00e8me alimentaire ayant le plus d'impact.<\/li>\n<li>D\u00e9velopper des indicateurs, des mesures et des tableaux de suivi des performances, des synergies et des contreparties des syst\u00e8mes alimentaires.<\/li>\n<li>Favoriser les synergies des politiques au niveau national par le biais de plans nationaux d'investissement dans l'agriculture, de strat\u00e9gies de nutrition et de plans d'adaptation au climat et \u00e0 l'\u00e9nergie ; et \u00e9laborer un cadre pour la coordination et le suivi des progr\u00e8s en mati\u00e8re d'impacts politiques, en tenant compte de leurs interactions en vue d\u2019optimiser les synergies.<\/li>\n<li>Travailler avec les organisations r\u00e9gionales, notamment l'UA, la CEDEAO, le COMECA et la CAE, afin de coordonner et de mettre en coh\u00e9rence les multiples politiques du syst\u00e8me alimentaire.<\/li>\n<li>Produire un rapport r\u00e9gional annuel sur les progr\u00e8s de la transformation des syst\u00e8mes alimentaires dans la r\u00e9gion, avec des th\u00e8mes sp\u00e9cifiques tels que la durabilit\u00e9, l'\u00e9galit\u00e9 des genres et la coh\u00e9rence des politiques.<\/li>\n<\/ul>\n","protected":false},"excerpt":{"rendered":"<p>Focus global sur la transformation des syst\u00e8mes alimentaires Les syst\u00e8mes alimentaires englobent le large \u00e9ventail d'acteurs et leurs activit\u00e9s de valorisation interconnect\u00e9es impliqu\u00e9s dans la production, l'agr\u00e9gation, la transformation, la distribution, la consommation et l'\u00e9limination des produits alimentaires issus de l'agriculture, de la foresterie et de la p\u00eache, ainsi que les environnements \u00e9conomiques, soci\u00e9taux et [&hellip;]<\/p>\n","protected":false},"author":1,"featured_media":17217,"parent":0,"menu_order":0,"comment_status":"closed","ping_status":"closed","template":"wp-custom-template-title-on-image-banner-1","meta":{"_acf_changed":false,"inline_featured_image":false,"_monsterinsights_skip_tracking":false,"_monsterinsights_sitenote_active":false,"_monsterinsights_sitenote_note":"","_monsterinsights_sitenote_category":0,"footnotes":""},"class_list":["post-16956","page","type-page","status-publish","has-post-thumbnail","hentry"],"acf":[],"mb":[],"mfb_rest_fields":["title"],"_links":{"self":[{"href":"https:\/\/africa.ifpri.info\/fr\/wp-json\/wp\/v2\/pages\/16956","targetHints":{"allow":["GET"]}}],"collection":[{"href":"https:\/\/africa.ifpri.info\/fr\/wp-json\/wp\/v2\/pages"}],"about":[{"href":"https:\/\/africa.ifpri.info\/fr\/wp-json\/wp\/v2\/types\/page"}],"author":[{"embeddable":true,"href":"https:\/\/africa.ifpri.info\/fr\/wp-json\/wp\/v2\/users\/1"}],"replies":[{"embeddable":true,"href":"https:\/\/africa.ifpri.info\/fr\/wp-json\/wp\/v2\/comments?post=16956"}],"version-history":[{"count":5,"href":"https:\/\/africa.ifpri.info\/fr\/wp-json\/wp\/v2\/pages\/16956\/revisions"}],"predecessor-version":[{"id":17337,"href":"https:\/\/africa.ifpri.info\/fr\/wp-json\/wp\/v2\/pages\/16956\/revisions\/17337"}],"wp:featuredmedia":[{"embeddable":true,"href":"https:\/\/africa.ifpri.info\/fr\/wp-json\/wp\/v2\/media\/17217"}],"wp:attachment":[{"href":"https:\/\/africa.ifpri.info\/fr\/wp-json\/wp\/v2\/media?parent=16956"}],"curies":[{"name":"wp","href":"https:\/\/api.w.org\/{rel}","templated":true}]}}