{"id":16980,"date":"2021-07-01T18:18:46","date_gmt":"2021-07-01T18:18:46","guid":{"rendered":"https:\/\/africanew.ifpri.info\/?page_id=16980"},"modified":"2023-07-24T18:46:56","modified_gmt":"2023-07-24T18:46:56","slug":"innovations-technologiques-institutionnelles-et-politiques-pour-accroitre-la-productivite-agricole-et-ameliorer-la-securite-alimentaire-et-nutritionnelle","status":"publish","type":"page","link":"https:\/\/africa.ifpri.info\/fr\/domaine-de-recherche-strategique\/innovations-technologiques-institutionnelles-et-politiques-pour-accroitre-la-productivite-agricole-et-ameliorer-la-securite-alimentaire-et-nutritionnelle\/","title":{"rendered":"Innovations technologiques, institutionnelles et politiques pour accro\u00eetre la productivit\u00e9 agricole et am\u00e9liorer la s\u00e9curit\u00e9 alimentaire et nutritionnelle"},"content":{"rendered":"<p>De nombreux efforts sont en cours pour augmenter la productivit\u00e9 agricole et am\u00e9liorer la s\u00e9curit\u00e9 alimentaire et la nutrition en Afrique, en abordant des questions fondamentales. Ces efforts comprennent le d\u00e9veloppement de vari\u00e9t\u00e9s \u00e0 haut rendement et r\u00e9sistantes aux maladies, et la restauration des zones d\u00e9grad\u00e9es ; la conception et la mise en \u0153uvre d'outils, de m\u00e9thodologies et de strat\u00e9gies d'aide \u00e0 la d\u00e9cision pour la s\u00e9curit\u00e9 alimentaire, la gestion des ressources naturelles et la ma\u00eetrise de l'eau ; la lutte contre les in\u00e9galit\u00e9s des genres et l'am\u00e9lioration de l'acc\u00e8s des femmes aux ressources productives et aux march\u00e9s ; l'\u00e9laboration de lignes directrices pour les aliments nutritifs ; et la fourniture d'une aide alimentaire d'urgence et d'autres formes d'aide humanitaire.<\/p>\n<p>Si ces efforts sont louables, leur impact peut \u00eatre limit\u00e9 lorsque les solutions de recherche sous-jacentes (technologies, institutions et politiques) sont g\u00e9n\u00e9r\u00e9es de mani\u00e8re isol\u00e9e. En adoptant une approche ax\u00e9e sur les syst\u00e8mes alimentaires, les activit\u00e9s de ce domaine de recherche strat\u00e9gique visent \u00e0 rassembler des donn\u00e9es spatiales d\u00e9taill\u00e9es - des enqu\u00eates sur les m\u00e9nages g\u00e9or\u00e9f\u00e9renc\u00e9s \u00e0 l'imagerie de t\u00e9l\u00e9d\u00e9tection - au carrefour de la g\u00e9ographie, du climat, des syst\u00e8mes agricoles, de la socio-\u00e9conomie, de l'\u00e9conomie politique et du genre, afin de r\u00e9aliser des analyses de sc\u00e9narios fond\u00e9es sur des mod\u00e8les. Ces analyses fournissent des donn\u00e9es probantes pour aider les acteurs du syst\u00e8me alimentaire et les parties prenantes \u00e0 prendre des d\u00e9cisions d'investissement qui augmentent la productivit\u00e9 agricole et am\u00e9liorent durablement la s\u00e9curit\u00e9 alimentaire et la nutrition en Afrique.<\/p>\n<p>Les activit\u00e9s comprennent :<\/p>\n<ul>\n<li>L'analyse des typologies et des voies de s\u00e9curit\u00e9 alimentaire et de nutrition aux niveaux national, r\u00e9gional et local.<\/li>\n<li>La conception de solutions pour r\u00e9pondre \u00e0 la s\u00e9curit\u00e9 alimentaire et nutritionnelle.<\/li>\n<li>L\u2019\u00e9valuation de l'impact des projets de d\u00e9veloppement agricole et nutritionnel.<\/li>\n<li>L'\u00e9limination des obstacles institutionnels \u00e0 la diffusion et \u00e0 l'adoption des technologies.<\/li>\n<li>Le d\u00e9veloppement d'outils et de m\u00e9thodes pour analyser les compromis du syst\u00e8me alimentaire, ainsi que d'indicateurs et de mesures pour suivre la productivit\u00e9 agricole et les r\u00e9sultats du syst\u00e8me alimentaire.<\/li>\n<\/ul>\n","protected":false},"excerpt":{"rendered":"<p>De nombreux efforts sont en cours pour augmenter la productivit\u00e9 agricole et am\u00e9liorer la s\u00e9curit\u00e9 alimentaire et la nutrition en Afrique, en abordant des questions fondamentales. Ces efforts comprennent le d\u00e9veloppement de vari\u00e9t\u00e9s \u00e0 haut rendement et r\u00e9sistantes aux maladies, et la restauration des zones d\u00e9grad\u00e9es ; la conception et la mise en \u0153uvre d'outils, [&hellip;]<\/p>\n","protected":false},"author":1,"featured_media":17205,"parent":16956,"menu_order":0,"comment_status":"closed","ping_status":"closed","template":"wp-custom-template-title-on-image-banner-1","meta":{"_acf_changed":false,"inline_featured_image":false,"_monsterinsights_skip_tracking":false,"_monsterinsights_sitenote_active":false,"_monsterinsights_sitenote_note":"","_monsterinsights_sitenote_category":0,"footnotes":""},"class_list":["post-16980","page","type-page","status-publish","has-post-thumbnail","hentry"],"acf":[],"mb":[],"mfb_rest_fields":["title"],"_links":{"self":[{"href":"https:\/\/africa.ifpri.info\/fr\/wp-json\/wp\/v2\/pages\/16980","targetHints":{"allow":["GET"]}}],"collection":[{"href":"https:\/\/africa.ifpri.info\/fr\/wp-json\/wp\/v2\/pages"}],"about":[{"href":"https:\/\/africa.ifpri.info\/fr\/wp-json\/wp\/v2\/types\/page"}],"author":[{"embeddable":true,"href":"https:\/\/africa.ifpri.info\/fr\/wp-json\/wp\/v2\/users\/1"}],"replies":[{"embeddable":true,"href":"https:\/\/africa.ifpri.info\/fr\/wp-json\/wp\/v2\/comments?post=16980"}],"version-history":[{"count":2,"href":"https:\/\/africa.ifpri.info\/fr\/wp-json\/wp\/v2\/pages\/16980\/revisions"}],"predecessor-version":[{"id":19377,"href":"https:\/\/africa.ifpri.info\/fr\/wp-json\/wp\/v2\/pages\/16980\/revisions\/19377"}],"up":[{"embeddable":true,"href":"https:\/\/africa.ifpri.info\/fr\/wp-json\/wp\/v2\/pages\/16956"}],"wp:featuredmedia":[{"embeddable":true,"href":"https:\/\/africa.ifpri.info\/fr\/wp-json\/wp\/v2\/media\/17205"}],"wp:attachment":[{"href":"https:\/\/africa.ifpri.info\/fr\/wp-json\/wp\/v2\/media?parent=16980"}],"curies":[{"name":"wp","href":"https:\/\/api.w.org\/{rel}","templated":true}]}}