{"id":16982,"date":"2021-07-01T18:24:58","date_gmt":"2021-07-01T18:24:58","guid":{"rendered":"https:\/\/africanew.ifpri.info\/?page_id=16982"},"modified":"2023-07-24T18:55:46","modified_gmt":"2023-07-24T18:55:46","slug":"renforcer-la-resilience-des-systemes-alimentaires-aux-chocs-et-aux-vulnerabilites","status":"publish","type":"page","link":"https:\/\/africa.ifpri.info\/fr\/domaine-de-recherche-strategique\/renforcer-la-resilience-des-systemes-alimentaires-aux-chocs-et-aux-vulnerabilites\/","title":{"rendered":"Renforcer la r\u00e9silience des syst\u00e8mes alimentaires aux chocs et aux vuln\u00e9rabilit\u00e9s"},"content":{"rendered":"<p>La \"r\u00e9silience\" d\u00e9signe la capacit\u00e9 d'un syst\u00e8me \u00e0 absorber et \u00e0 se remettre de chocs externes. Alors que des d\u00e9finitions de la r\u00e9silience \u00e9mergent de divers domaines, les experts s'interrogent encore sur la mani\u00e8re de d\u00e9finir et de mesurer les facettes les plus importantes de la r\u00e9silience, qui serviront de base \u00e0 la conception de politiques et d'interventions en faveur du r\u00e9tablissement. La fr\u00e9quence croissante des chocs li\u00e9s au changement climatique, la pr\u00e9valence des conflits politiques et des r\u00e9fugi\u00e9s, l'instabilit\u00e9 \u00e9conomique et, plus r\u00e9cemment, les impacts mondiaux d\u00e9stabilisants du COVID-19 soulignent la n\u00e9cessit\u00e9 de construire des syst\u00e8mes alimentaires r\u00e9silients.<\/p>\n<p>Cette composante vise \u00e0 appuyer les politiques et interventions fond\u00e9es sur des donn\u00e9es probantes afin d'aider les pays africains \u00e0 mieux se pr\u00e9parer et r\u00e9pondre aux chocs qui perturbent leurs syst\u00e8mes alimentaires en termes de : i) minimiser les pertes, les dommages et les perturbations communautaires dus aux chocs ; ii) maximiser la capacit\u00e9 des syst\u00e8mes alimentaires \u00e0 s'adapter et \u00e0 s'ajuster lorsqu'ils sont touch\u00e9s par des chocs ; et iii) renforcer la capacit\u00e9 des syst\u00e8mes alimentaires \u00e0 revenir \u00e0 un \u00e9tat fonctionnel aussi rapidement que possible. Les trois principaux axes de recherche de ce th\u00e8me sont la r\u00e9silience et la vuln\u00e9rabilit\u00e9 des syst\u00e8mes alimentaires, les programmes de protection sociale et de s\u00e9curit\u00e9, et les personnes touch\u00e9es par les conflits et d\u00e9plac\u00e9es.<\/p>\n<p>Les principales activit\u00e9s de recherche sont les suivantes :<\/p>\n<ul>\n<li>Le d\u00e9veloppement d'indicateurs pour mesurer la r\u00e9silience du syst\u00e8me alimentaire, y compris l'analyse co\u00fbts-avantages des activit\u00e9s visant \u00e0 renforcer la r\u00e9silience.<\/li>\n<li>L'\u00e9laboration de sc\u00e9narios et d'options d'investissement pour renforcer la r\u00e9silience des syst\u00e8mes \u00e0 diff\u00e9rents niveaux.<\/li>\n<li>Comprendre le r\u00f4le de la protection sociale dans l'adaptation ou la reconstruction post-chocs, y compris les types de protection sociale et les dimensions de genre qui fonctionnent pour diff\u00e9rentes formes de chocs et de m\u00e9canismes de r\u00e9cup\u00e9ration.<\/li>\n<\/ul>\n","protected":false},"excerpt":{"rendered":"<p>La \"r\u00e9silience\" d\u00e9signe la capacit\u00e9 d'un syst\u00e8me \u00e0 absorber et \u00e0 se remettre de chocs externes. Alors que des d\u00e9finitions de la r\u00e9silience \u00e9mergent de divers domaines, les experts s'interrogent encore sur la mani\u00e8re de d\u00e9finir et de mesurer les facettes les plus importantes de la r\u00e9silience, qui serviront de base \u00e0 la conception de [&hellip;]<\/p>\n","protected":false},"author":1,"featured_media":17199,"parent":16956,"menu_order":0,"comment_status":"closed","ping_status":"closed","template":"wp-custom-template-title-on-image-banner-1","meta":{"_acf_changed":false,"inline_featured_image":false,"_monsterinsights_skip_tracking":false,"_monsterinsights_sitenote_active":false,"_monsterinsights_sitenote_note":"","_monsterinsights_sitenote_category":0,"footnotes":""},"class_list":["post-16982","page","type-page","status-publish","has-post-thumbnail","hentry"],"acf":[],"mb":[],"mfb_rest_fields":["title"],"_links":{"self":[{"href":"https:\/\/africa.ifpri.info\/fr\/wp-json\/wp\/v2\/pages\/16982","targetHints":{"allow":["GET"]}}],"collection":[{"href":"https:\/\/africa.ifpri.info\/fr\/wp-json\/wp\/v2\/pages"}],"about":[{"href":"https:\/\/africa.ifpri.info\/fr\/wp-json\/wp\/v2\/types\/page"}],"author":[{"embeddable":true,"href":"https:\/\/africa.ifpri.info\/fr\/wp-json\/wp\/v2\/users\/1"}],"replies":[{"embeddable":true,"href":"https:\/\/africa.ifpri.info\/fr\/wp-json\/wp\/v2\/comments?post=16982"}],"version-history":[{"count":2,"href":"https:\/\/africa.ifpri.info\/fr\/wp-json\/wp\/v2\/pages\/16982\/revisions"}],"predecessor-version":[{"id":19379,"href":"https:\/\/africa.ifpri.info\/fr\/wp-json\/wp\/v2\/pages\/16982\/revisions\/19379"}],"up":[{"embeddable":true,"href":"https:\/\/africa.ifpri.info\/fr\/wp-json\/wp\/v2\/pages\/16956"}],"wp:featuredmedia":[{"embeddable":true,"href":"https:\/\/africa.ifpri.info\/fr\/wp-json\/wp\/v2\/media\/17199"}],"wp:attachment":[{"href":"https:\/\/africa.ifpri.info\/fr\/wp-json\/wp\/v2\/media?parent=16982"}],"curies":[{"name":"wp","href":"https:\/\/api.w.org\/{rel}","templated":true}]}}