{"id":16986,"date":"2021-07-01T18:29:56","date_gmt":"2021-07-01T18:29:56","guid":{"rendered":"https:\/\/africanew.ifpri.info\/?page_id=16986"},"modified":"2023-07-24T19:05:06","modified_gmt":"2023-07-24T19:05:06","slug":"strategies-nationales-et-investissements-publics","status":"publish","type":"page","link":"https:\/\/africa.ifpri.info\/fr\/domaine-de-recherche-strategique\/strategies-nationales-et-investissements-publics\/","title":{"rendered":"Strat\u00e9gies nationales et investissements publics"},"content":{"rendered":"<p>L'investissement public a le potentiel de r\u00e9duire \u00e0 la fois les insuffisances \u00e9conomiques dues aux d\u00e9faillances du march\u00e9 et les in\u00e9galit\u00e9s dans la distribution des biens et des services li\u00e9es aux diff\u00e9rences d'acc\u00e8s aux ressources entre les diff\u00e9rents groupes et individus. Il n'est donc pas surprenant que les dirigeants africains aient sign\u00e9 diverses chartes exigeant l'affectation d'une part importante de leurs budgets nationaux \u00e0 diff\u00e9rents secteurs ou r\u00e9sultats. Il s'agit notamment de l'engagement pris dans la d\u00e9claration de Maputo d'allouer 10 % des budgets nationaux au secteur de l'agriculture, de l'engagement pris dans la d\u00e9claration d'Abuja sur le VIH\/sida, la tuberculose et les autres maladies infectieuses connexes d'allouer 15 % des budgets nationaux au secteur de la sant\u00e9, et de la d\u00e9claration d'Addis-Abeba sur la science, la technologie et la recherche scientifique pour le d\u00e9veloppement, dans laquelle 1 % du PIB est allou\u00e9 \u00e0 la science et \u00e0 la technologie. Comment les dirigeants africains peuvent-ils op\u00e9rer des changements significatifs dans les d\u00e9penses des diff\u00e9rents secteurs pour atteindre ces objectifs, sachant que l'augmentation de la part du budget allou\u00e9e \u00e0 un secteur, comme l'agriculture, implique une diminution de la part allou\u00e9e \u00e0 d'autres secteurs, avec des cons\u00e9quences n\u00e9gatives possibles sur les r\u00e9sultats globaux du d\u00e9veloppement ?<\/p>\n<p>La r\u00e9solution de ce dilemme est essentielle \u00e0 la conception des strat\u00e9gies nationales et soul\u00e8ve d'importantes questions de recherche li\u00e9es aux processus d'allocation budg\u00e9taire dans le cadre du jeu \u00e0 somme nulle des budgets nationaux, ainsi que les questions de substituabilit\u00e9, de compl\u00e9mentarit\u00e9 et d'interd\u00e9pendance entre les diff\u00e9rents types d'investissements publics. Les questions de gestion de la dette et de politique fiscale entrent \u00e9galement en jeu, car de nombreux gouvernements africains empruntent d\u00e9sormais \u00e0 des taux sans pr\u00e9c\u00e9dent (par rapport au PIB) pour financer divers postes budg\u00e9taires r\u00e9currents et le d\u00e9veloppement des infrastructures.<\/p>\n<p>\u00c9tant donn\u00e9 que diff\u00e9rents types d'investissements sont n\u00e9cessaires pour relever diff\u00e9rents d\u00e9fis avec des effets diff\u00e9rents sur les r\u00e9sultats du d\u00e9veloppement, il est essentiel d'identifier les \"bons\" montants, la composition et la s\u00e9quence des investissements aux niveaux national et local.<\/p>\n<p>Les th\u00e8mes de recherche de ce domaine strat\u00e9gique sont les suivants :<\/p>\n<ul>\n<li>L'identification et la compr\u00e9hension de l'\u00e9conomie politique et d'autres facteurs qui affectent les allocations budg\u00e9taires et les diff\u00e9rents types d'investissement aux niveaux national et local.<\/li>\n<li>Analyser les effets de substitution, de compl\u00e9mentarit\u00e9 et d'encha\u00eenement de diff\u00e9rents investissements sur les r\u00e9sultats multiples et la transformation des syst\u00e8mes alimentaires dans diff\u00e9rents contextes.<\/li>\n<li>Identifier les options d'investissement afin de renseigner la conception du Plan National d'Investissements Agricoles (PNIA), du Programme D\u00e9taill\u00e9 pour le D\u00e9veloppement de l'Agriculture Africaine (PDDAA) et d'acc\u00e9l\u00e9rer la transformation des syst\u00e8mes alimentaires dans diff\u00e9rents pays.<\/li>\n<\/ul>\n","protected":false},"excerpt":{"rendered":"<p>L'investissement public a le potentiel de r\u00e9duire \u00e0 la fois les insuffisances \u00e9conomiques dues aux d\u00e9faillances du march\u00e9 et les in\u00e9galit\u00e9s dans la distribution des biens et des services li\u00e9es aux diff\u00e9rences d'acc\u00e8s aux ressources entre les diff\u00e9rents groupes et individus. Il n'est donc pas surprenant que les dirigeants africains aient sign\u00e9 diverses chartes exigeant [&hellip;]<\/p>\n","protected":false},"author":1,"featured_media":17201,"parent":16956,"menu_order":0,"comment_status":"closed","ping_status":"closed","template":"wp-custom-template-title-on-image-banner-1","meta":{"_acf_changed":false,"inline_featured_image":false,"_monsterinsights_skip_tracking":false,"_monsterinsights_sitenote_active":false,"_monsterinsights_sitenote_note":"","_monsterinsights_sitenote_category":0,"footnotes":""},"class_list":["post-16986","page","type-page","status-publish","has-post-thumbnail","hentry"],"acf":[],"mb":[],"mfb_rest_fields":["title"],"_links":{"self":[{"href":"https:\/\/africa.ifpri.info\/fr\/wp-json\/wp\/v2\/pages\/16986","targetHints":{"allow":["GET"]}}],"collection":[{"href":"https:\/\/africa.ifpri.info\/fr\/wp-json\/wp\/v2\/pages"}],"about":[{"href":"https:\/\/africa.ifpri.info\/fr\/wp-json\/wp\/v2\/types\/page"}],"author":[{"embeddable":true,"href":"https:\/\/africa.ifpri.info\/fr\/wp-json\/wp\/v2\/users\/1"}],"replies":[{"embeddable":true,"href":"https:\/\/africa.ifpri.info\/fr\/wp-json\/wp\/v2\/comments?post=16986"}],"version-history":[{"count":2,"href":"https:\/\/africa.ifpri.info\/fr\/wp-json\/wp\/v2\/pages\/16986\/revisions"}],"predecessor-version":[{"id":19381,"href":"https:\/\/africa.ifpri.info\/fr\/wp-json\/wp\/v2\/pages\/16986\/revisions\/19381"}],"up":[{"embeddable":true,"href":"https:\/\/africa.ifpri.info\/fr\/wp-json\/wp\/v2\/pages\/16956"}],"wp:featuredmedia":[{"embeddable":true,"href":"https:\/\/africa.ifpri.info\/fr\/wp-json\/wp\/v2\/media\/17201"}],"wp:attachment":[{"href":"https:\/\/africa.ifpri.info\/fr\/wp-json\/wp\/v2\/media?parent=16986"}],"curies":[{"name":"wp","href":"https:\/\/api.w.org\/{rel}","templated":true}]}}