{"id":16990,"date":"2021-07-01T18:31:03","date_gmt":"2021-07-01T18:31:03","guid":{"rendered":"https:\/\/africanew.ifpri.info\/?page_id=16990"},"modified":"2023-07-24T19:11:32","modified_gmt":"2023-07-24T19:11:32","slug":"renforcement-de-capacites-pour-la-transformation-des-systemes-alimentaires","status":"publish","type":"page","link":"https:\/\/africa.ifpri.info\/fr\/domaine-de-recherche-strategique\/renforcement-de-capacites-pour-la-transformation-des-systemes-alimentaires\/","title":{"rendered":"Renforcement de capacit\u00e9s pour la transformation des syst\u00e8mes alimentaires"},"content":{"rendered":"<p>Une approche holistique de la transformation des syst\u00e8mes alimentaires prend de l'ampleur, et la communaut\u00e9 mondiale a adopt\u00e9 une approche des syst\u00e8mes alimentaires pour r\u00e9fl\u00e9chir \u00e0 la planification et \u00e0 la mise en \u0153uvre des politiques agroalimentaires. \u00c9tant donn\u00e9 que la plupart des syst\u00e8mes alimentaires fonctionnent aux niveaux local et national, o\u00f9 la plupart des interventions se produisent g\u00e9n\u00e9ralement, les capacit\u00e9s institutionnelles et humaines pour traduire les politiques en interventions programmatiques doivent \u00eatre \u00e9tablies aux niveaux local et national. Par ailleurs, malgr\u00e9 les innovations locales qui, dans certains endroits, transforment les syst\u00e8mes alimentaires locaux, un foss\u00e9 demeure entre ces interventions locales qui renforcent la r\u00e9silience et les processus politiques nationaux et les engagements d'investissement du secteur public. Dans de nombreux pays, il existe des capacit\u00e9s pour analyser et traiter les contraintes et pour d\u00e9velopper des interventions pour des composantes individuelles des syst\u00e8mes alimentaires, telles que la nutrition, la s\u00e9curit\u00e9 alimentaire, la productivit\u00e9 agricole, les march\u00e9s et le commerce. Les capacit\u00e9s d\u00e9velopp\u00e9es dans le cadre du PNIA et du PDDAA ou du Plan National d'Investissement dans l'Agriculture et la S\u00e9curit\u00e9 Alimentaire et Nutritionnelle (PNIASAN) t\u00e9moignent des capacit\u00e9s existantes, car il s'agit de plans strat\u00e9giques multisectoriels qui int\u00e8grent des composantes non agricoles - telles que les infrastructures, le changement climatique, le commerce, le genre et la jeunesse, les moyens de subsistance et la r\u00e9silience - afin d'obtenir de multiples r\u00e9sultats, notamment en mati\u00e8re de croissance, d'emploi, de r\u00e9silience, de prosp\u00e9rit\u00e9, de s\u00e9curit\u00e9 alimentaire et de nutrition. Cette capacit\u00e9 est \u00e9galement d\u00e9montr\u00e9e dans l'initiative Scaling Up Nutrition (SUN), qui cherche \u00e0 obtenir un plus grand impact sur la nutrition par le biais des syst\u00e8mes alimentaires, des syst\u00e8mes de sant\u00e9, des syst\u00e8mes de protection sociale et des actions men\u00e9es par de multiples acteurs, ainsi que par l'\u00e9ducation, l'eau, l'assainissement et l'hygi\u00e8ne (WASH), et l'adaptation au changement climatique.<\/p>\n<p>Cependant, la capacit\u00e9 d'analyse et d'intervention au niveau de l'ensemble du syst\u00e8me alimentaire, par exemple, pour reconna\u00eetre et agir sur les compromis, ainsi que les outils d'analyse qui soutiennent le changement syst\u00e9mique sont actuellement insuffisants.<\/p>\n<p>Les activit\u00e9s prioritaires dans ce domaine strat\u00e9gique sont les suivantes :<\/p>\n<ul>\n<li>Travailler avec des partenaires nationaux et r\u00e9gionaux pour renforcer les capacit\u00e9s des personnes et des institutions (groupes de r\u00e9flexion sur les politiques, minist\u00e8res, universit\u00e9s et autres institutions connexes, ainsi que le secteur priv\u00e9) engag\u00e9s dans l'analyse de la transformation des syst\u00e8mes alimentaires, la conception des politiques et la programmation des interventions, afin d'analyser les compromis et d'identifier les options (y compris les innovations en mati\u00e8re de politiques, d'institutions, de technologies et de gouvernance) pour une transformation durable des syst\u00e8mes alimentaires \u00e0 diff\u00e9rents niveaux, et d'\u00e9laborer des plans nationaux de d\u00e9veloppement des syst\u00e8mes alimentaires (PNDS) bas\u00e9s sur les r\u00e9sultats des analyses et fixant des objectifs de transformation \u00e0 plusieurs niveaux.<\/li>\n<li>Accro\u00eetre l'utilisation efficace de nouveaux outils et approches pour renforcer l'accent mis sur le genre dans le d\u00e9veloppement des capacit\u00e9s des syst\u00e8mes alimentaires, en plus de la capacit\u00e9 \u00e0 d\u00e9velopper une base de donn\u00e9es g\u00e9or\u00e9f\u00e9renc\u00e9e qui capture les multiples caract\u00e9ristiques des syst\u00e8mes alimentaires.<\/li>\n<\/ul>\n","protected":false},"excerpt":{"rendered":"<p>Une approche holistique de la transformation des syst\u00e8mes alimentaires prend de l'ampleur, et la communaut\u00e9 mondiale a adopt\u00e9 une approche des syst\u00e8mes alimentaires pour r\u00e9fl\u00e9chir \u00e0 la planification et \u00e0 la mise en \u0153uvre des politiques agroalimentaires. \u00c9tant donn\u00e9 que la plupart des syst\u00e8mes alimentaires fonctionnent aux niveaux local et national, o\u00f9 la plupart des [&hellip;]<\/p>\n","protected":false},"author":1,"featured_media":17211,"parent":16956,"menu_order":0,"comment_status":"closed","ping_status":"closed","template":"wp-custom-template-title-on-image-banner-1","meta":{"_acf_changed":false,"inline_featured_image":false,"_monsterinsights_skip_tracking":false,"_monsterinsights_sitenote_active":false,"_monsterinsights_sitenote_note":"","_monsterinsights_sitenote_category":0,"footnotes":""},"class_list":["post-16990","page","type-page","status-publish","has-post-thumbnail","hentry"],"acf":[],"mb":[],"mfb_rest_fields":["title"],"_links":{"self":[{"href":"https:\/\/africa.ifpri.info\/fr\/wp-json\/wp\/v2\/pages\/16990","targetHints":{"allow":["GET"]}}],"collection":[{"href":"https:\/\/africa.ifpri.info\/fr\/wp-json\/wp\/v2\/pages"}],"about":[{"href":"https:\/\/africa.ifpri.info\/fr\/wp-json\/wp\/v2\/types\/page"}],"author":[{"embeddable":true,"href":"https:\/\/africa.ifpri.info\/fr\/wp-json\/wp\/v2\/users\/1"}],"replies":[{"embeddable":true,"href":"https:\/\/africa.ifpri.info\/fr\/wp-json\/wp\/v2\/comments?post=16990"}],"version-history":[{"count":2,"href":"https:\/\/africa.ifpri.info\/fr\/wp-json\/wp\/v2\/pages\/16990\/revisions"}],"predecessor-version":[{"id":19382,"href":"https:\/\/africa.ifpri.info\/fr\/wp-json\/wp\/v2\/pages\/16990\/revisions\/19382"}],"up":[{"embeddable":true,"href":"https:\/\/africa.ifpri.info\/fr\/wp-json\/wp\/v2\/pages\/16956"}],"wp:featuredmedia":[{"embeddable":true,"href":"https:\/\/africa.ifpri.info\/fr\/wp-json\/wp\/v2\/media\/17211"}],"wp:attachment":[{"href":"https:\/\/africa.ifpri.info\/fr\/wp-json\/wp\/v2\/media?parent=16990"}],"curies":[{"name":"wp","href":"https:\/\/api.w.org\/{rel}","templated":true}]}}