{"id":16994,"date":"2021-07-01T18:36:17","date_gmt":"2021-07-01T18:36:17","guid":{"rendered":"https:\/\/africanew.ifpri.info\/?page_id=16994"},"modified":"2025-11-14T19:17:14","modified_gmt":"2025-11-14T19:17:14","slug":"thematiques-transversales","status":"publish","type":"page","link":"https:\/\/africa.ifpri.info\/fr\/domaine-de-recherche-strategique\/thematiques-transversales\/","title":{"rendered":"Thematiques Transversales"},"content":{"rendered":"<p><a class=\"button\" href=\"\/fr\/domaine-de-recherche-strategique\/egalite-des-genres-autonomisation-des-femmes-et-inclusion-sociale\/\">1.\tEgalit\u00e9 des Genres, autonomisation des femmes, et inclusion sociale<\/a> <\/p>\n<p><a class=\"button\" href=\"\/fr\/domaine-de-recherche-strategique\/economie-politique\/\">2.\tEconomie politique<\/a><\/p>\n<p><a class=\"button\" href=\"\/fr\/domaine-de-recherche-strategique\/donnees-pour-des-politiques-fondees-sur-des-preuves\/\">3.\tDonn\u00e9es pour des politiques fond\u00e9es sur des preuves<\/a><\/p>\n","protected":false},"excerpt":{"rendered":"<p>1. Egalit\u00e9 des Genres, autonomisation des femmes, et inclusion sociale 2. Economie politique 3. Donn\u00e9es pour des politiques fond\u00e9es sur des preuves<\/p>\n","protected":false},"author":164,"featured_media":17197,"parent":16956,"menu_order":0,"comment_status":"closed","ping_status":"closed","template":"wp-custom-template-title-on-image-banner-1","meta":{"_acf_changed":false,"inline_featured_image":false,"_monsterinsights_skip_tracking":false,"_monsterinsights_sitenote_active":false,"_monsterinsights_sitenote_note":"","_monsterinsights_sitenote_category":0,"footnotes":""},"class_list":["post-16994","page","type-page","status-publish","has-post-thumbnail","hentry"],"acf":[],"mb":[],"mfb_rest_fields":["title"],"_links":{"self":[{"href":"https:\/\/africa.ifpri.info\/fr\/wp-json\/wp\/v2\/pages\/16994","targetHints":{"allow":["GET"]}}],"collection":[{"href":"https:\/\/africa.ifpri.info\/fr\/wp-json\/wp\/v2\/pages"}],"about":[{"href":"https:\/\/africa.ifpri.info\/fr\/wp-json\/wp\/v2\/types\/page"}],"author":[{"embeddable":true,"href":"https:\/\/africa.ifpri.info\/fr\/wp-json\/wp\/v2\/users\/164"}],"replies":[{"embeddable":true,"href":"https:\/\/africa.ifpri.info\/fr\/wp-json\/wp\/v2\/comments?post=16994"}],"version-history":[{"count":3,"href":"https:\/\/africa.ifpri.info\/fr\/wp-json\/wp\/v2\/pages\/16994\/revisions"}],"predecessor-version":[{"id":17459,"href":"https:\/\/africa.ifpri.info\/fr\/wp-json\/wp\/v2\/pages\/16994\/revisions\/17459"}],"up":[{"embeddable":true,"href":"https:\/\/africa.ifpri.info\/fr\/wp-json\/wp\/v2\/pages\/16956"}],"wp:featuredmedia":[{"embeddable":true,"href":"https:\/\/africa.ifpri.info\/fr\/wp-json\/wp\/v2\/media\/17197"}],"wp:attachment":[{"href":"https:\/\/africa.ifpri.info\/fr\/wp-json\/wp\/v2\/media?parent=16994"}],"curies":[{"name":"wp","href":"https:\/\/api.w.org\/{rel}","templated":true}]}}