{"id":17300,"date":"2021-07-27T14:23:27","date_gmt":"2021-07-27T14:23:27","guid":{"rendered":"https:\/\/africanew.ifpri.info\/?page_id=17300"},"modified":"2023-07-24T19:14:36","modified_gmt":"2023-07-24T19:14:36","slug":"egalite-des-genres-autonomisation-des-femmes-et-inclusion-sociale","status":"publish","type":"page","link":"https:\/\/africa.ifpri.info\/fr\/domaine-de-recherche-strategique\/egalite-des-genres-autonomisation-des-femmes-et-inclusion-sociale\/","title":{"rendered":"Egalit\u00e9 des Genres, autonomisation des femmes, et inclusion sociale"},"content":{"rendered":"<p>L'\u00e9galit\u00e9 des genres et les syst\u00e8mes alimentaires sont \u00e9troitement li\u00e9s. Il est prouv\u00e9 que les pays o\u00f9 les in\u00e9galit\u00e9s entre les sexes sont les plus fortes pr\u00e9sentent autant de niveaux \u00e9lev\u00e9s d'ins\u00e9curit\u00e9 alimentaire. IFPRI est depuis longtemps engag\u00e9 dans des recherches qui r\u00e9v\u00e8lent les liens entre l'\u00e9galit\u00e9 des sexes et l'autonomisation des femmes et la s\u00e9curit\u00e9 alimentaire et nutritionnelle, l'adaptation au climat, la croissance \u00e9conomique et la r\u00e9duction de la pauvret\u00e9. Malgr\u00e9 ces r\u00e9sultats, des \u00e9carts prononc\u00e9s&gt; entre les genres existent en mati\u00e8re d'acc\u00e8s aux ressources, aux informations, aux technologies et aux services ; des normes sociales et de genre n\u00e9fastes continuent de compromettre la nutrition et les droits des femmes ; les interventions politiques sont rarement ax\u00e9es sur le genre et les politiques ne sont pas \u00e9valu\u00e9es en fonction de leur impact sur l'\u00e9galit\u00e9 et l'inclusion des sexes. Certains groupes de personnes souffrent \u00e9galement d'exclusions multiples. Par exemple, les femmes autochtones, les personnes \u00e0 faibles revenus et celles vivant dans des zones marginalis\u00e9es sont souvent exclues des processus politiques.<\/p>\n<p>Cette th\u00e9matique transversale adoptera une approche \u00e0 deux volets : (i) s'assurer que tous les autres piliers comportent un volet explicite sur le genre et l'inclusion, et (ii) mener des recherches, d\u00e9velopper et mettre en \u0153uvre des outils permettant d'atteindre l'\u00e9galit\u00e9 des sexes dans les syst\u00e8mes alimentaires.<\/p>\n<p>Des recherches sp\u00e9cifiques seront ax\u00e9es sur :<\/p>\n<ul>\n<li>Le d\u00e9veloppement et l'utilisation d'outils analytiques pour int\u00e9grer le genre dans les politiques et les plans d'investissement des syst\u00e8mes alimentaires et l'analyse de l'impact des politiques sur le genre et l'inclusion.<\/li>\n<li>La collaboration avec les organisations r\u00e9gionales, y compris l'UA et l'UNECA, pour d\u00e9velopper un syst\u00e8me national de responsabilit\u00e9 et de notation et pour l'\u00e9galit\u00e9 des sexes dans les syst\u00e8mes alimentaires.<\/li>\n<li>L'int\u00e9gration de l'\u00e9galit\u00e9 des sexes dans la conception, la mise en \u0153uvre et l'\u00e9valuation des programmes, y compris le d\u00e9veloppement et la mise \u00e0 l'\u00e9chelle d'outils pour mesurer l'autonomisation des femmes (par exemple, WMENS) dans les syst\u00e8mes alimentaires.<\/li>\n<li>La recherche de donn\u00e9es probantes sur ce qui fonctionne pour int\u00e9grer le genre dans le commerce, le changement climatique, la nutrition et d'autres interventions programmatiques.<\/li>\n<\/ul>\n","protected":false},"excerpt":{"rendered":"<p>L'\u00e9galit\u00e9 des genres et les syst\u00e8mes alimentaires sont \u00e9troitement li\u00e9s. Il est prouv\u00e9 que les pays o\u00f9 les in\u00e9galit\u00e9s entre les sexes sont les plus fortes pr\u00e9sentent autant de niveaux \u00e9lev\u00e9s d'ins\u00e9curit\u00e9 alimentaire. IFPRI est depuis longtemps engag\u00e9 dans des recherches qui r\u00e9v\u00e8lent les liens entre l'\u00e9galit\u00e9 des sexes et l'autonomisation des femmes et la [&hellip;]<\/p>\n","protected":false},"author":1,"featured_media":17197,"parent":16956,"menu_order":0,"comment_status":"closed","ping_status":"closed","template":"","meta":{"_acf_changed":false,"inline_featured_image":false,"_monsterinsights_skip_tracking":false,"_monsterinsights_sitenote_active":false,"_monsterinsights_sitenote_note":"","_monsterinsights_sitenote_category":0,"footnotes":""},"class_list":["post-17300","page","type-page","status-publish","has-post-thumbnail","hentry"],"acf":[],"mb":[],"mfb_rest_fields":["title"],"_links":{"self":[{"href":"https:\/\/africa.ifpri.info\/fr\/wp-json\/wp\/v2\/pages\/17300","targetHints":{"allow":["GET"]}}],"collection":[{"href":"https:\/\/africa.ifpri.info\/fr\/wp-json\/wp\/v2\/pages"}],"about":[{"href":"https:\/\/africa.ifpri.info\/fr\/wp-json\/wp\/v2\/types\/page"}],"author":[{"embeddable":true,"href":"https:\/\/africa.ifpri.info\/fr\/wp-json\/wp\/v2\/users\/1"}],"replies":[{"embeddable":true,"href":"https:\/\/africa.ifpri.info\/fr\/wp-json\/wp\/v2\/comments?post=17300"}],"version-history":[{"count":2,"href":"https:\/\/africa.ifpri.info\/fr\/wp-json\/wp\/v2\/pages\/17300\/revisions"}],"predecessor-version":[{"id":19383,"href":"https:\/\/africa.ifpri.info\/fr\/wp-json\/wp\/v2\/pages\/17300\/revisions\/19383"}],"up":[{"embeddable":true,"href":"https:\/\/africa.ifpri.info\/fr\/wp-json\/wp\/v2\/pages\/16956"}],"wp:featuredmedia":[{"embeddable":true,"href":"https:\/\/africa.ifpri.info\/fr\/wp-json\/wp\/v2\/media\/17197"}],"wp:attachment":[{"href":"https:\/\/africa.ifpri.info\/fr\/wp-json\/wp\/v2\/media?parent=17300"}],"curies":[{"name":"wp","href":"https:\/\/api.w.org\/{rel}","templated":true}]}}