{"id":17302,"date":"2021-07-27T14:24:19","date_gmt":"2021-07-27T14:24:19","guid":{"rendered":"https:\/\/africanew.ifpri.info\/?page_id=17302"},"modified":"2023-07-24T19:20:09","modified_gmt":"2023-07-24T19:20:09","slug":"economie-politique","status":"publish","type":"page","link":"https:\/\/africa.ifpri.info\/fr\/domaine-de-recherche-strategique\/economie-politique\/","title":{"rendered":"Economie politique"},"content":{"rendered":"<p>Afin de faire \u00e9voluer les politiques, il est n\u00e9cessaire de bien appr\u00e9hender les dynamiques sous-jacentes de l'\u00e9conomie politique. Par cons\u00e9quent, les cinq domaines de recherche strat\u00e9giques int\u00e8grent tous divers aspects de l'\u00e9conomie politique afin de renforcer l'application des conclusions et des recommandations de la recherche, en partant de l'hypoth\u00e8se fondamentale selon laquelle les acteurs ou les parties prenantes du syst\u00e8me alimentaire (qu'ils soient gouvernementaux ou non gouvernementaux) favorisent les actions ou les r\u00e9sultats qui servent le mieux leurs propres int\u00e9r\u00eats ou ceux des groupes qu'ils repr\u00e9sentent.<\/p>\n<p>Pour faciliter la mise en \u0153uvre des solutions du syst\u00e8me alimentaire, le travail de l'IFPRI visera \u00e9galement \u00e0 instaurer la confiance entre les diff\u00e9rents acteurs \u00e9tatiques et non \u00e9tatiques et \u00e0 renforcer leurs capacit\u00e9s de coop\u00e9ration transfrontali\u00e8re, en plus de renforcer les institutions transfrontali\u00e8res pour am\u00e9liorer la mise en \u0153uvre, la coordination et la gouvernance des interventions. Au-del\u00e0 des contraintes d'investissement, le processus de transformation agricole \u00e0 travers l'Afrique souffre \u00e9galement d'une mauvaise coordination entre les principales parties prenantes, d'une faible gouvernance et gestion, et d'une inclusion insuffisante de nombreuses communaut\u00e9s.<\/p>\n<p>L'approche propos\u00e9e comprend :<\/p>\n<ul>\n<li>La mise en place de m\u00e9canismes de coordination pour renforcer les synergies entre toutes les parties prenantes et renforcer l'int\u00e9gration des liens de la cha\u00eene de valeur en amont et en aval, et l'\u00e9tablissement d'une offre compl\u00e8te de services pour tous les acteurs le long des cha\u00eenes de valeur agricoles r\u00e9gionales.<\/li>\n<li>L'analyse des principaux goulots d'\u00e9tranglement de la mise en \u0153uvre et l'identification des facteurs de changement dans la mise en \u0153uvre des politiques.<\/li>\n<li>L'appui \u00e0 l'\u00e9valuation des grands programmes d'investissement afin de tirer des enseignements de ce qui fonctionne dans la conduite du changement de politique pour un impact.<\/li>\n<\/ul>\n","protected":false},"excerpt":{"rendered":"<p>Afin de faire \u00e9voluer les politiques, il est n\u00e9cessaire de bien appr\u00e9hender les dynamiques sous-jacentes de l'\u00e9conomie politique. Par cons\u00e9quent, les cinq domaines de recherche strat\u00e9giques int\u00e8grent tous divers aspects de l'\u00e9conomie politique afin de renforcer l'application des conclusions et des recommandations de la recherche, en partant de l'hypoth\u00e8se fondamentale selon laquelle les acteurs ou [&hellip;]<\/p>\n","protected":false},"author":1,"featured_media":17225,"parent":16956,"menu_order":0,"comment_status":"closed","ping_status":"closed","template":"","meta":{"_acf_changed":false,"inline_featured_image":false,"_monsterinsights_skip_tracking":false,"_monsterinsights_sitenote_active":false,"_monsterinsights_sitenote_note":"","_monsterinsights_sitenote_category":0,"footnotes":""},"class_list":["post-17302","page","type-page","status-publish","has-post-thumbnail","hentry"],"acf":[],"mb":[],"mfb_rest_fields":["title"],"_links":{"self":[{"href":"https:\/\/africa.ifpri.info\/fr\/wp-json\/wp\/v2\/pages\/17302","targetHints":{"allow":["GET"]}}],"collection":[{"href":"https:\/\/africa.ifpri.info\/fr\/wp-json\/wp\/v2\/pages"}],"about":[{"href":"https:\/\/africa.ifpri.info\/fr\/wp-json\/wp\/v2\/types\/page"}],"author":[{"embeddable":true,"href":"https:\/\/africa.ifpri.info\/fr\/wp-json\/wp\/v2\/users\/1"}],"replies":[{"embeddable":true,"href":"https:\/\/africa.ifpri.info\/fr\/wp-json\/wp\/v2\/comments?post=17302"}],"version-history":[{"count":3,"href":"https:\/\/africa.ifpri.info\/fr\/wp-json\/wp\/v2\/pages\/17302\/revisions"}],"predecessor-version":[{"id":19386,"href":"https:\/\/africa.ifpri.info\/fr\/wp-json\/wp\/v2\/pages\/17302\/revisions\/19386"}],"up":[{"embeddable":true,"href":"https:\/\/africa.ifpri.info\/fr\/wp-json\/wp\/v2\/pages\/16956"}],"wp:featuredmedia":[{"embeddable":true,"href":"https:\/\/africa.ifpri.info\/fr\/wp-json\/wp\/v2\/media\/17225"}],"wp:attachment":[{"href":"https:\/\/africa.ifpri.info\/fr\/wp-json\/wp\/v2\/media?parent=17302"}],"curies":[{"name":"wp","href":"https:\/\/api.w.org\/{rel}","templated":true}]}}