{"id":17304,"date":"2021-07-27T14:24:58","date_gmt":"2021-07-27T14:24:58","guid":{"rendered":"https:\/\/africanew.ifpri.info\/?page_id=17304"},"modified":"2023-07-24T19:19:31","modified_gmt":"2023-07-24T19:19:31","slug":"donnees-pour-des-politiques-fondees-sur-des-preuves","status":"publish","type":"page","link":"https:\/\/africa.ifpri.info\/fr\/domaine-de-recherche-strategique\/donnees-pour-des-politiques-fondees-sur-des-preuves\/","title":{"rendered":"Donn\u00e9es pour des politiques fond\u00e9es sur des preuves"},"content":{"rendered":"<p>Dans le cadre de cette th\u00e9matique transversale, IFPRI vise \u00e0 d\u00e9velopper une base de donn\u00e9es g\u00e9or\u00e9f\u00e9renc\u00e9e compl\u00e8te qui capture les diff\u00e9rentes caract\u00e9ristiques des syst\u00e8mes alimentaires, class\u00e9es en trois couches principales : i) les syst\u00e8mes alimentaires nationaux, qui comprennent de multiples cha\u00eenes de valeur (alimentaires et non alimentaires) contribuant \u00e0 la s\u00e9curit\u00e9 alimentaire et nutritionnelle et \u00e0 d'autres r\u00e9sultats, tels que la cr\u00e9ation d'emplois et la r\u00e9duction de la pauvret\u00e9 ; ii) les cha\u00eenes de valeur alimentaires individuelles allant du niveau local au niveau national dont la dynamique explique les divers r\u00e9sultats des syst\u00e8mes alimentaires ; et iii) la perspective des parties prenantes du syst\u00e8me alimentaire (producteurs, transformateurs, distributeurs, etc.) et les r\u00e9sultats sp\u00e9cifiques qui les concernent, tels que les moyens de subsistance et la sant\u00e9.<\/p>\n<p>Les activit\u00e9s pr\u00e9vues sont les suivantes :<\/p>\n<ul>\n<li>R\u00e9aliser des diagnostics nationaux des syst\u00e8mes alimentaires avec les pays et, au niveau national, mettre en place des syst\u00e8mes statistiques solides, des capacit\u00e9s institutionnelles appropri\u00e9es pour la conception et la mise en \u0153uvre des politiques, et une forte coordination entre les minist\u00e8res et les secteurs des syst\u00e8mes alimentaires.<\/li>\n<li>D\u00e9velopper des mesures et des indicateurs pour analyser le statut et les performances des syst\u00e8mes alimentaires, ainsi que des tableaux de bord permettant aux pays de suivre facilement les progr\u00e8s r\u00e9alis\u00e9s.<\/li>\n<li>Renforcer les capacit\u00e9s en mati\u00e8re de collecte de donn\u00e9es, de suivi et d'\u00e9valuation des progr\u00e8s des syst\u00e8mes alimentaires et d'utilisation d'outils de diagnostic et d'\u00e9valuation d'impact.<\/li>\n<li>Travailler avec les pays pour identifier les donn\u00e9es \u00e0 collecter en fonction des priorit\u00e9s nationales, en s'appuyant sur les m\u00e9canismes de responsabilit\u00e9 existants, notamment les ODD. Cela permet un meilleur suivi de la transformation du syst\u00e8me alimentaire au fur et \u00e0 mesure qu'elle se produit.<\/li>\n<li>D\u00e9velopper des capacit\u00e9s analytiques pour collecter, analyser et interpr\u00e9ter les donn\u00e9es afin de guider les politiques.<\/li>\n<li>Cr\u00e9er des coalitions au niveau national pour favoriser la prise de d\u00e9cision collective, faire le lien entre les diff\u00e9rents points de vue et valeurs et aborder les questions de justice, entre autres.<\/li>\n<\/ul>\n","protected":false},"excerpt":{"rendered":"<p>Dans le cadre de cette th\u00e9matique transversale, IFPRI vise \u00e0 d\u00e9velopper une base de donn\u00e9es g\u00e9or\u00e9f\u00e9renc\u00e9e compl\u00e8te qui capture les diff\u00e9rentes caract\u00e9ristiques des syst\u00e8mes alimentaires, class\u00e9es en trois couches principales : i) les syst\u00e8mes alimentaires nationaux, qui comprennent de multiples cha\u00eenes de valeur (alimentaires et non alimentaires) contribuant \u00e0 la s\u00e9curit\u00e9 alimentaire et nutritionnelle et [&hellip;]<\/p>\n","protected":false},"author":1,"featured_media":17203,"parent":16956,"menu_order":0,"comment_status":"closed","ping_status":"closed","template":"","meta":{"_acf_changed":false,"inline_featured_image":false,"_monsterinsights_skip_tracking":false,"_monsterinsights_sitenote_active":false,"_monsterinsights_sitenote_note":"","_monsterinsights_sitenote_category":0,"footnotes":""},"class_list":["post-17304","page","type-page","status-publish","has-post-thumbnail","hentry"],"acf":[],"mb":[],"mfb_rest_fields":["title"],"_links":{"self":[{"href":"https:\/\/africa.ifpri.info\/fr\/wp-json\/wp\/v2\/pages\/17304","targetHints":{"allow":["GET"]}}],"collection":[{"href":"https:\/\/africa.ifpri.info\/fr\/wp-json\/wp\/v2\/pages"}],"about":[{"href":"https:\/\/africa.ifpri.info\/fr\/wp-json\/wp\/v2\/types\/page"}],"author":[{"embeddable":true,"href":"https:\/\/africa.ifpri.info\/fr\/wp-json\/wp\/v2\/users\/1"}],"replies":[{"embeddable":true,"href":"https:\/\/africa.ifpri.info\/fr\/wp-json\/wp\/v2\/comments?post=17304"}],"version-history":[{"count":2,"href":"https:\/\/africa.ifpri.info\/fr\/wp-json\/wp\/v2\/pages\/17304\/revisions"}],"predecessor-version":[{"id":19385,"href":"https:\/\/africa.ifpri.info\/fr\/wp-json\/wp\/v2\/pages\/17304\/revisions\/19385"}],"up":[{"embeddable":true,"href":"https:\/\/africa.ifpri.info\/fr\/wp-json\/wp\/v2\/pages\/16956"}],"wp:featuredmedia":[{"embeddable":true,"href":"https:\/\/africa.ifpri.info\/fr\/wp-json\/wp\/v2\/media\/17203"}],"wp:attachment":[{"href":"https:\/\/africa.ifpri.info\/fr\/wp-json\/wp\/v2\/media?parent=17304"}],"curies":[{"name":"wp","href":"https:\/\/api.w.org\/{rel}","templated":true}]}}