{"id":20669,"date":"2023-01-23T16:00:35","date_gmt":"2023-01-23T16:00:35","guid":{"rendered":"https:\/\/africanew.ifpri.info\/who-we-are-2\/"},"modified":"2025-04-16T14:10:11","modified_gmt":"2025-04-16T14:10:11","slug":"qui-nous-sommes-2","status":"publish","type":"page","link":"https:\/\/africa.ifpri.info\/fr\/qui-nous-sommes-2\/","title":{"rendered":"QUI NOUS SOMMES?"},"content":{"rendered":"<p>Avec un personnel de recherche provenant de plus de 60 pays et des bureaux dans le monde entier, l'IFPRI fournit des solutions politiques bas\u00e9es sur la recherche pour r\u00e9duire durablement la pauvret\u00e9 et mettre fin \u00e0 la faim et \u00e0 la malnutrition dans les pays en d\u00e9veloppement. L'\u00e9quipe de l'IFPRI Afrique rassemble des comp\u00e9tences diverses et une vaste exp\u00e9rience en mati\u00e8re de recherche, de renforcement des capacit\u00e9s et de mise en \u0153uvre de programmes dans la r\u00e9gion.<\/p>\n","protected":false},"excerpt":{"rendered":"<p>Avec un personnel de recherche provenant de plus de 60 pays et des bureaux dans le monde entier, l'IFPRI fournit des solutions politiques bas\u00e9es sur la recherche pour r\u00e9duire durablement la pauvret\u00e9 et mettre fin \u00e0 la faim et \u00e0 la malnutrition dans les pays en d\u00e9veloppement. L'\u00e9quipe de l'IFPRI Afrique rassemble des comp\u00e9tences diverses [&hellip;]<\/p>\n","protected":false},"author":1,"featured_media":14968,"parent":0,"menu_order":0,"comment_status":"closed","ping_status":"closed","template":"","meta":{"_acf_changed":false,"inline_featured_image":false,"_monsterinsights_skip_tracking":false,"_monsterinsights_sitenote_active":false,"_monsterinsights_sitenote_note":"","_monsterinsights_sitenote_category":0,"footnotes":""},"class_list":["post-20669","page","type-page","status-publish","has-post-thumbnail","hentry"],"acf":[],"mb":[],"mfb_rest_fields":["title"],"_links":{"self":[{"href":"https:\/\/africa.ifpri.info\/fr\/wp-json\/wp\/v2\/pages\/20669","targetHints":{"allow":["GET"]}}],"collection":[{"href":"https:\/\/africa.ifpri.info\/fr\/wp-json\/wp\/v2\/pages"}],"about":[{"href":"https:\/\/africa.ifpri.info\/fr\/wp-json\/wp\/v2\/types\/page"}],"author":[{"embeddable":true,"href":"https:\/\/africa.ifpri.info\/fr\/wp-json\/wp\/v2\/users\/1"}],"replies":[{"embeddable":true,"href":"https:\/\/africa.ifpri.info\/fr\/wp-json\/wp\/v2\/comments?post=20669"}],"version-history":[{"count":5,"href":"https:\/\/africa.ifpri.info\/fr\/wp-json\/wp\/v2\/pages\/20669\/revisions"}],"predecessor-version":[{"id":20745,"href":"https:\/\/africa.ifpri.info\/fr\/wp-json\/wp\/v2\/pages\/20669\/revisions\/20745"}],"wp:featuredmedia":[{"embeddable":true,"href":"https:\/\/africa.ifpri.info\/fr\/wp-json\/wp\/v2\/media\/14968"}],"wp:attachment":[{"href":"https:\/\/africa.ifpri.info\/fr\/wp-json\/wp\/v2\/media?parent=20669"}],"curies":[{"name":"wp","href":"https:\/\/api.w.org\/{rel}","templated":true}]}}